{"id":3080,"date":"2022-11-07T12:28:42","date_gmt":"2022-11-07T09:28:42","guid":{"rendered":"https:\/\/internetborders.net\/france\/?page_id=3080"},"modified":"2022-11-07T12:31:39","modified_gmt":"2022-11-07T09:31:39","slug":"les-valeurs-d-internet-sans-frontieres","status":"publish","type":"page","link":"https:\/\/internetborders.net\/france\/fr\/les-valeurs-d-internet-sans-frontieres\/","title":{"rendered":"Les valeurs d&#8217;Internet sans fronti\u00e8res"},"content":{"rendered":"\n<h2 class=\"wp-block-heading\">Nos valeurs:<\/h2>\n\n\n\n<ul>\n<li>Le partage des principes d&#8217;une soci\u00e9t\u00e9 d\u00e9mocratique, d&#8217;une communication respectueuse et d&#8217;une prise de d\u00e9cision participative;&nbsp;<\/li>\n\n\n\n<li>Le respect et l&#8217;acceptation des droits de l&#8217;homme et des libert\u00e9s;<\/li>\n\n\n\n<li>La volont\u00e9 de renforcer la soci\u00e9t\u00e9 civile;&nbsp;<\/li>\n\n\n\n<li>Le espect des principes de diversit\u00e9, d&#8217;\u00e9galit\u00e9 et d&#8217;\u00e9quit\u00e9 et rejet de la discrimination ou de la violence;&nbsp;<\/li>\n\n\n\n<li>L\u2019ouverture aux nouvelles exp\u00e9riences, aux connaissances, \u00e0 l&#8217;exp\u00e9rimentation;<\/li>\n\n\n\n<li>L\u2019int\u00e9r\u00eat pour la science, la pens\u00e9e rationnelle et la cr\u00e9ation et l&#8217;utilisation de la technologie;<\/li>\n\n\n\n<li>L\u2019mpathie et le respect des autres.<\/li>\n<\/ul>\n\n\n\n<h2 class=\"wp-block-heading\">R\u00e8gles de conduite pour la conf\u00e9rence &#8220;Internet sans fronti\u00e8res&#8221;<\/h2>\n\n\n\n<ol>\n<li>En s&#8217;inscrivant \u00e0 la conf\u00e9rence &#8220;Internet sans fronti\u00e8res&#8221;, le participant accepte ces r\u00e8gles.<\/li>\n\n\n\n<li>Les r\u00e8gles s&#8217;appliquent \u00e0 toutes les activit\u00e9s organisationnelles (en ligne et hors ligne) li\u00e9es \u00e0 l&#8217;\u00e9v\u00e9nement, depuis l&#8217;inscription jusqu&#8217;\u00e0 la fin officielle de la conf\u00e9rence.&nbsp;<\/li>\n\n\n\n<li>Les r\u00e8gles s&#8217;appliquent non seulement aux participants, mais aussi aux organisateurs, aux intervenants et aux mentors.&nbsp;<\/li>\n\n\n\n<li>La conf\u00e9rence Internet sans fronti\u00e8res est un espace s\u00fbr qui respecte la libert\u00e9 d&#8217;identit\u00e9 et d&#8217;expression.<\/li>\n\n\n\n<li>Les paroles et les actions contraires aux valeurs de l&#8217;\u00e9v\u00e9nement, men\u00e9es pendant la p\u00e9riode de validit\u00e9 de ces r\u00e8gles, seront per\u00e7ues par les organisateurs comme une violation de ces r\u00e8gles et pourront servir de motif de refus de participation \u00e0 la conf\u00e9rence et au hackathon.<\/li>\n\n\n\n<li>Toute forme de communication avec les autres participants \u00e0 la conf\u00e9rence ne doit pas humilier les autres ni contenir de discours haineux. Le discours de haine est d\u00e9fini comme des moyens linguistiques permettant d&#8217;exprimer une attitude fortement n\u00e9gative \u00e0 l&#8217;\u00e9gard des &#8220;opposants&#8221; &#8211; porteurs d&#8217;un syst\u00e8me diff\u00e9rent de valeurs religieuses, nationales, culturelles ou, plus sp\u00e9cifiquement, sous-culturelles. Ce ph\u00e9nom\u00e8ne peut relever du racisme, de la x\u00e9nophobie, de l\u2019hostilit\u00e9 et de l&#8217;intol\u00e9rance interethniques, de l&#8217;homophobie, mais aussi du sexisme, de l\u2019\u00e2gisme, etc.<\/li>\n\n\n\n<li>Le droit \u00e0 la vie priv\u00e9e des participants \u00e0 la conf\u00e9rence est une valeur de l&#8217;\u00e9v\u00e9nement. Il est interdit de prendre ou de publier des photos, des vid\u00e9os ou d&#8217;autres donn\u00e9es personnelles des participants \u00e0 l&#8217;ISP en dehors de l&#8217;\u00e9v\u00e9nement sans leur autorisation.&nbsp;<\/li>\n\n\n\n<li>Les violations des r\u00e8gles d\u00e9crites aux paragraphes 2 \u00e0 4 peuvent \u00eatre signal\u00e9es soit directement aux organisateurs, soit \u00e0 conduct@equalit.ie (4 membres du personnel d&#8217;eQ seront envoy\u00e9s simultan\u00e9ment). Ou vous pouvez nous contacter par Skype au +18638732841.&nbsp;<\/li>\n\n\n\n<li>Les organisateurs garantissent que les plaintes d\u00e9pos\u00e9es aupr\u00e8s de la conf\u00e9rence feront l&#8217;objet d&#8217;une enqu\u00eate de bonne foi et, si une telle plainte s&#8217;av\u00e8re justifi\u00e9e, que des sanctions seront prises \u00e0 l&#8217;encontre de tout participant qui enfreindrait ces r\u00e8gles.<\/li>\n\n\n\n<li>Les organisateurs garantissent que les donn\u00e9es du plaignant resteront confidentielles.<\/li>\n\n\n\n<li>La vengeance, les repr\u00e9sailles et autres actions similaires ne sont pas autoris\u00e9es en r\u00e9ponse aux plaintes d\u00e9pos\u00e9es par les participants.<\/li>\n\n\n\n<li>En cas de violation de ces r\u00e8gles, les organisateurs se r\u00e9servent le droit de refuser la participation \u00e0 la conf\u00e9rence et au hackathon.<\/li>\n\n\n\n<li>Avant de refuser de participer, les organisateurs doivent donner au moins un avertissement \u00e0 un participant concernant une violation des r\u00e8gles. Le nombre maximum d&#8217;avertissements est laiss\u00e9 \u00e0 la discr\u00e9tion des organisateurs.<\/li>\n\n\n\n<li>En remplissant le formulaire d&#8217;inscription, le participant consent \u00e0 la collecte, au stockage, au traitement et \u00e0 l&#8217;utilisation des donn\u00e9es personnelles. Les organisateurs (a) utilisent vos donn\u00e9es uniquement dans le but d&#8217;organiser l&#8217;\u00e9v\u00e9nement, (b) ne les transmettent pas \u00e0 des tiers, (c) les conservent pendant 1 an.<\/li>\n<\/ol>\n\n\n<div class=\"knd-block knd-block-cta alignfull\" style=\"\">\r\n\t\t<div class=\"knd-container\">\r\n\t\t\t<div class=\"knd-block-cta__inner\">\r\n\t\t\t\t<div class=\"knd-block-cta__figure\"><img width=\"800\" height=\"762\" src=\"https:\/\/internetborders.net\/france\/wp-content\/uploads\/sites\/2\/2022\/10\/people_new.png\" class=\"attachment-large size-large\" alt=\"\" decoding=\"async\" loading=\"lazy\" srcset=\"https:\/\/internetborders.net\/france\/wp-content\/uploads\/sites\/2\/2022\/10\/people_new.png 1000w, https:\/\/internetborders.net\/france\/wp-content\/uploads\/sites\/2\/2022\/10\/people_new-300x286.png 300w, https:\/\/internetborders.net\/france\/wp-content\/uploads\/sites\/2\/2022\/10\/people_new-150x143.png 150w, https:\/\/internetborders.net\/france\/wp-content\/uploads\/sites\/2\/2022\/10\/people_new-768x732.png 768w\" sizes=\"(max-width: 800px) 100vw, 800px\" \/><\/div>\r\n\t\t\t\t<div class=\"knd-block-cta__content\">\r\n\t\t\t\t\t\r\n\t\t\t\t\t<h2 class=\"knd-block-cta__text\">Participez \u00e0 la conf\u00e9rence, prenez part aux discussions, partagez votre exp\u00e9rience<\/h2>\r\n\t\t\t\t\t<div class=\"knd-block-cta__action\">\r\n\t\t\t\t<a  class=\"knd-button knd-button-lg\" role=\"button\" href=\"https:\/\/internetborders.net\/france\/register\/\">S\u2019INSCRIRE<\/a>\r\n\t\t<\/div>\r\n\t\t\t\t<\/div>\r\n\t\t\t<\/div>\r\n\t\t<\/div>\r\n\t<\/div>","protected":false},"excerpt":{"rendered":"<p>Nos valeurs: R\u00e8gles de conduite pour la conf\u00e9rence &#8220;Internet sans fronti\u00e8res&#8221;&nbsp;<a href=\"https:\/\/internetborders.net\/france\/fr\/les-valeurs-d-internet-sans-frontieres\/\"><span class=\"meta-nav\">\u0415\u0449\u0435&nbsp;&raquo;<\/span><\/a><\/p>\n","protected":false},"author":13,"featured_media":0,"parent":0,"menu_order":0,"comment_status":"closed","ping_status":"closed","template":"","meta":{"_knd_is_page_title":false},"yoast_head":"<!-- This site is optimized with the Yoast SEO plugin v20.6 - https:\/\/yoast.com\/wordpress\/plugins\/seo\/ -->\n<title>Les valeurs d&#039;Internet sans fronti\u00e8res - \u0418\u043d\u0442\u0435\u0440\u043d\u0435\u0442 \u0431\u0435\u0437 \u0433\u0440\u0430\u043d\u0438\u0446, \u041f\u0430\u0440\u0438\u0436<\/title>\n<meta name=\"robots\" content=\"index, follow, max-snippet:-1, max-image-preview:large, max-video-preview:-1\" \/>\n<link rel=\"canonical\" href=\"https:\/\/internetborders.net\/france\/fr\/les-valeurs-d-internet-sans-frontieres\/\" \/>\n<meta property=\"og:locale\" content=\"ru_RU\" \/>\n<meta property=\"og:type\" content=\"article\" \/>\n<meta property=\"og:title\" content=\"Les valeurs d&#039;Internet sans fronti\u00e8res - \u0418\u043d\u0442\u0435\u0440\u043d\u0435\u0442 \u0431\u0435\u0437 \u0433\u0440\u0430\u043d\u0438\u0446, \u041f\u0430\u0440\u0438\u0436\" \/>\n<meta property=\"og:description\" content=\"Nos valeurs: R\u00e8gles de conduite pour la conf\u00e9rence &#8220;Internet sans fronti\u00e8res&#8221;&nbsp;\u0415\u0449\u0435&nbsp;&raquo;\" \/>\n<meta property=\"og:url\" content=\"https:\/\/internetborders.net\/france\/fr\/les-valeurs-d-internet-sans-frontieres\/\" \/>\n<meta property=\"og:site_name\" content=\"\u0418\u043d\u0442\u0435\u0440\u043d\u0435\u0442 \u0431\u0435\u0437 \u0433\u0440\u0430\u043d\u0438\u0446, \u041f\u0430\u0440\u0438\u0436\" \/>\n<meta property=\"article:modified_time\" content=\"2022-11-07T09:31:39+00:00\" \/>\n<meta name=\"twitter:card\" content=\"summary_large_image\" \/>\n<meta name=\"twitter:label1\" content=\"\u041f\u0440\u0438\u043c\u0435\u0440\u043d\u043e\u0435 \u0432\u0440\u0435\u043c\u044f \u0434\u043b\u044f \u0447\u0442\u0435\u043d\u0438\u044f\" \/>\n\t<meta name=\"twitter:data1\" content=\"3 \u043c\u0438\u043d\u0443\u0442\u044b\" \/>\n<script type=\"application\/ld+json\" class=\"yoast-schema-graph\">{\"@context\":\"https:\/\/schema.org\",\"@graph\":[{\"@type\":\"WebPage\",\"@id\":\"https:\/\/internetborders.net\/france\/fr\/les-valeurs-d-internet-sans-frontieres\/\",\"url\":\"https:\/\/internetborders.net\/france\/fr\/les-valeurs-d-internet-sans-frontieres\/\",\"name\":\"Les valeurs d'Internet sans fronti\u00e8res - \u0418\u043d\u0442\u0435\u0440\u043d\u0435\u0442 \u0431\u0435\u0437 \u0433\u0440\u0430\u043d\u0438\u0446, \u041f\u0430\u0440\u0438\u0436\",\"isPartOf\":{\"@id\":\"https:\/\/internetborders.net\/france\/#website\"},\"datePublished\":\"2022-11-07T09:28:42+00:00\",\"dateModified\":\"2022-11-07T09:31:39+00:00\",\"breadcrumb\":{\"@id\":\"https:\/\/internetborders.net\/france\/fr\/les-valeurs-d-internet-sans-frontieres\/#breadcrumb\"},\"inLanguage\":\"ru-RU\",\"potentialAction\":[{\"@type\":\"ReadAction\",\"target\":[\"https:\/\/internetborders.net\/france\/fr\/les-valeurs-d-internet-sans-frontieres\/\"]}]},{\"@type\":\"BreadcrumbList\",\"@id\":\"https:\/\/internetborders.net\/france\/fr\/les-valeurs-d-internet-sans-frontieres\/#breadcrumb\",\"itemListElement\":[{\"@type\":\"ListItem\",\"position\":1,\"name\":\"\u0413\u043b\u0430\u0432\u043d\u0430\u044f\",\"item\":\"https:\/\/internetborders.net\/france\/\"},{\"@type\":\"ListItem\",\"position\":2,\"name\":\"Les valeurs d&#8217;Internet sans fronti\u00e8res\"}]},{\"@type\":\"WebSite\",\"@id\":\"https:\/\/internetborders.net\/france\/#website\",\"url\":\"https:\/\/internetborders.net\/france\/\",\"name\":\"\u0418\u043d\u0442\u0435\u0440\u043d\u0435\u0442 \u0431\u0435\u0437 \u0433\u0440\u0430\u043d\u0438\u0446, \u041f\u0430\u0440\u0438\u0436\",\"description\":\"\u0421\u0435\u0440\u0438\u044f \u043a\u043e\u043d\u0444\u0435\u0440\u0435\u043d\u0446\u0438\u0439 \u0437\u0430 \u0438\u043d\u0442\u0435\u0440\u043d\u0435\u0442 \u0431\u0435\u0437 \u0446\u0435\u043d\u0437\u0443\u0440\u044b\",\"publisher\":{\"@id\":\"https:\/\/internetborders.net\/france\/#organization\"},\"potentialAction\":[{\"@type\":\"SearchAction\",\"target\":{\"@type\":\"EntryPoint\",\"urlTemplate\":\"https:\/\/internetborders.net\/france\/?s={search_term_string}\"},\"query-input\":\"required name=search_term_string\"}],\"inLanguage\":\"ru-RU\"},{\"@type\":\"Organization\",\"@id\":\"https:\/\/internetborders.net\/france\/#organization\",\"name\":\"\u0418\u043d\u0442\u0435\u0440\u043d\u0435\u0442 \u0431\u0435\u0437 \u0433\u0440\u0430\u043d\u0438\u0446, \u041f\u0430\u0440\u0438\u0436\",\"url\":\"https:\/\/internetborders.net\/france\/\",\"logo\":{\"@type\":\"ImageObject\",\"inLanguage\":\"ru-RU\",\"@id\":\"https:\/\/internetborders.net\/france\/#\/schema\/logo\/image\/\",\"url\":\"https:\/\/internetborders.net\/france\/wp-content\/uploads\/sites\/2\/2022\/11\/cropped-avatar_120x120px.png\",\"contentUrl\":\"https:\/\/internetborders.net\/france\/wp-content\/uploads\/sites\/2\/2022\/11\/cropped-avatar_120x120px.png\",\"width\":122,\"height\":122,\"caption\":\"\u0418\u043d\u0442\u0435\u0440\u043d\u0435\u0442 \u0431\u0435\u0437 \u0433\u0440\u0430\u043d\u0438\u0446, \u041f\u0430\u0440\u0438\u0436\"},\"image\":{\"@id\":\"https:\/\/internetborders.net\/france\/#\/schema\/logo\/image\/\"}}]}<\/script>\n<!-- \/ Yoast SEO plugin. -->","yoast_head_json":{"title":"Les valeurs d'Internet sans fronti\u00e8res - \u0418\u043d\u0442\u0435\u0440\u043d\u0435\u0442 \u0431\u0435\u0437 \u0433\u0440\u0430\u043d\u0438\u0446, \u041f\u0430\u0440\u0438\u0436","robots":{"index":"index","follow":"follow","max-snippet":"max-snippet:-1","max-image-preview":"max-image-preview:large","max-video-preview":"max-video-preview:-1"},"canonical":"https:\/\/internetborders.net\/france\/fr\/les-valeurs-d-internet-sans-frontieres\/","og_locale":"ru_RU","og_type":"article","og_title":"Les valeurs d'Internet sans fronti\u00e8res - \u0418\u043d\u0442\u0435\u0440\u043d\u0435\u0442 \u0431\u0435\u0437 \u0433\u0440\u0430\u043d\u0438\u0446, \u041f\u0430\u0440\u0438\u0436","og_description":"Nos valeurs: R\u00e8gles de conduite pour la conf\u00e9rence &#8220;Internet sans fronti\u00e8res&#8221;&nbsp;\u0415\u0449\u0435&nbsp;&raquo;","og_url":"https:\/\/internetborders.net\/france\/fr\/les-valeurs-d-internet-sans-frontieres\/","og_site_name":"\u0418\u043d\u0442\u0435\u0440\u043d\u0435\u0442 \u0431\u0435\u0437 \u0433\u0440\u0430\u043d\u0438\u0446, \u041f\u0430\u0440\u0438\u0436","article_modified_time":"2022-11-07T09:31:39+00:00","twitter_card":"summary_large_image","twitter_misc":{"\u041f\u0440\u0438\u043c\u0435\u0440\u043d\u043e\u0435 \u0432\u0440\u0435\u043c\u044f \u0434\u043b\u044f \u0447\u0442\u0435\u043d\u0438\u044f":"3 \u043c\u0438\u043d\u0443\u0442\u044b"},"schema":{"@context":"https:\/\/schema.org","@graph":[{"@type":"WebPage","@id":"https:\/\/internetborders.net\/france\/fr\/les-valeurs-d-internet-sans-frontieres\/","url":"https:\/\/internetborders.net\/france\/fr\/les-valeurs-d-internet-sans-frontieres\/","name":"Les valeurs d'Internet sans fronti\u00e8res - \u0418\u043d\u0442\u0435\u0440\u043d\u0435\u0442 \u0431\u0435\u0437 \u0433\u0440\u0430\u043d\u0438\u0446, \u041f\u0430\u0440\u0438\u0436","isPartOf":{"@id":"https:\/\/internetborders.net\/france\/#website"},"datePublished":"2022-11-07T09:28:42+00:00","dateModified":"2022-11-07T09:31:39+00:00","breadcrumb":{"@id":"https:\/\/internetborders.net\/france\/fr\/les-valeurs-d-internet-sans-frontieres\/#breadcrumb"},"inLanguage":"ru-RU","potentialAction":[{"@type":"ReadAction","target":["https:\/\/internetborders.net\/france\/fr\/les-valeurs-d-internet-sans-frontieres\/"]}]},{"@type":"BreadcrumbList","@id":"https:\/\/internetborders.net\/france\/fr\/les-valeurs-d-internet-sans-frontieres\/#breadcrumb","itemListElement":[{"@type":"ListItem","position":1,"name":"\u0413\u043b\u0430\u0432\u043d\u0430\u044f","item":"https:\/\/internetborders.net\/france\/"},{"@type":"ListItem","position":2,"name":"Les valeurs d&#8217;Internet sans fronti\u00e8res"}]},{"@type":"WebSite","@id":"https:\/\/internetborders.net\/france\/#website","url":"https:\/\/internetborders.net\/france\/","name":"\u0418\u043d\u0442\u0435\u0440\u043d\u0435\u0442 \u0431\u0435\u0437 \u0433\u0440\u0430\u043d\u0438\u0446, \u041f\u0430\u0440\u0438\u0436","description":"\u0421\u0435\u0440\u0438\u044f \u043a\u043e\u043d\u0444\u0435\u0440\u0435\u043d\u0446\u0438\u0439 \u0437\u0430 \u0438\u043d\u0442\u0435\u0440\u043d\u0435\u0442 \u0431\u0435\u0437 \u0446\u0435\u043d\u0437\u0443\u0440\u044b","publisher":{"@id":"https:\/\/internetborders.net\/france\/#organization"},"potentialAction":[{"@type":"SearchAction","target":{"@type":"EntryPoint","urlTemplate":"https:\/\/internetborders.net\/france\/?s={search_term_string}"},"query-input":"required name=search_term_string"}],"inLanguage":"ru-RU"},{"@type":"Organization","@id":"https:\/\/internetborders.net\/france\/#organization","name":"\u0418\u043d\u0442\u0435\u0440\u043d\u0435\u0442 \u0431\u0435\u0437 \u0433\u0440\u0430\u043d\u0438\u0446, \u041f\u0430\u0440\u0438\u0436","url":"https:\/\/internetborders.net\/france\/","logo":{"@type":"ImageObject","inLanguage":"ru-RU","@id":"https:\/\/internetborders.net\/france\/#\/schema\/logo\/image\/","url":"https:\/\/internetborders.net\/france\/wp-content\/uploads\/sites\/2\/2022\/11\/cropped-avatar_120x120px.png","contentUrl":"https:\/\/internetborders.net\/france\/wp-content\/uploads\/sites\/2\/2022\/11\/cropped-avatar_120x120px.png","width":122,"height":122,"caption":"\u0418\u043d\u0442\u0435\u0440\u043d\u0435\u0442 \u0431\u0435\u0437 \u0433\u0440\u0430\u043d\u0438\u0446, \u041f\u0430\u0440\u0438\u0436"},"image":{"@id":"https:\/\/internetborders.net\/france\/#\/schema\/logo\/image\/"}}]}},"_links":{"self":[{"href":"https:\/\/internetborders.net\/france\/wp-json\/wp\/v2\/pages\/3080"}],"collection":[{"href":"https:\/\/internetborders.net\/france\/wp-json\/wp\/v2\/pages"}],"about":[{"href":"https:\/\/internetborders.net\/france\/wp-json\/wp\/v2\/types\/page"}],"author":[{"embeddable":true,"href":"https:\/\/internetborders.net\/france\/wp-json\/wp\/v2\/users\/13"}],"replies":[{"embeddable":true,"href":"https:\/\/internetborders.net\/france\/wp-json\/wp\/v2\/comments?post=3080"}],"version-history":[{"count":2,"href":"https:\/\/internetborders.net\/france\/wp-json\/wp\/v2\/pages\/3080\/revisions"}],"predecessor-version":[{"id":3082,"href":"https:\/\/internetborders.net\/france\/wp-json\/wp\/v2\/pages\/3080\/revisions\/3082"}],"wp:attachment":[{"href":"https:\/\/internetborders.net\/france\/wp-json\/wp\/v2\/media?parent=3080"}],"curies":[{"name":"wp","href":"https:\/\/api.w.org\/{rel}","templated":true}]}}