{"id":3077,"date":"2022-11-07T12:27:54","date_gmt":"2022-11-07T09:27:54","guid":{"rendered":"https:\/\/internetborders.net\/france\/?page_id=3077"},"modified":"2022-11-07T12:27:56","modified_gmt":"2022-11-07T09:27:56","slug":"politique-de-securite-2","status":"publish","type":"page","link":"https:\/\/internetborders.net\/france\/fr\/politique-de-securite-2\/","title":{"rendered":"POLITIQUE DE S\u00c9CURIT\u00c9"},"content":{"rendered":"\n<p>Ce document d\u00e9crit les aspects fondamentaux de la s\u00e9curit\u00e9 personnelle des participants et des intervenants, des conf\u00e9renciers et des partenaires qui assisteront \u00e0 la s\u00e9rie de conf\u00e9rences Internet sans fronti\u00e8res de novembre 2022 \u00e0 juin 2023 \u00e0 Paris, Tel Aviv, Riga, Almaty et Istanbul.<\/p>\n\n\n\n<p>Les conf\u00e9rences et les hackathons portent sur les sujets sensibles que sont la censure, la s\u00e9curit\u00e9 et la d\u00e9sinformation. Ces \u00e9v\u00e9nements sont ax\u00e9s sur la communication en face \u00e0 face, le partage d&#8217;exp\u00e9riences et le travail en commun. Pour des raisons de s\u00e9curit\u00e9, nous ne diffusons pas les \u00e9v\u00e9nements. Les pr\u00e9sentations\/discours individuels peuvent \u00eatre enregistr\u00e9s, si l&#8217;orateur est d&#8217;accord.&nbsp;<\/p>\n\n\n\n<p>Veuillez noter que l&#8217;\u00e9v\u00e9nement est public et que nous avons pris un certain nombre de mesures pour cr\u00e9er un espace plus s\u00fbr, mais nous ne pouvons pas garantir une confidentialit\u00e9 et une s\u00e9curit\u00e9 absolues.<\/p>\n\n\n\n<p>Voici quelques \u00e9l\u00e9ments \u00e0 prendre en compte lors de la pr\u00e9paration de votre \u00e9v\u00e9nement.<\/p>\n\n\n\n<h2 class=\"wp-block-heading\">S\u00e9curit\u00e9 personnelle<\/h2>\n\n\n\n<p>Il s&#8217;agit d&#8217;un \u00e9v\u00e9nement ouvert. L&#8217;inscription est ouverte \u00e0 tous ceux qui souhaitent s&#8217;inscrire. Les organisateurs v\u00e9rifient toutes les demandes de participation. Les organisateurs peuvent demander des documents d&#8217;identification \u00e0 l&#8217;entr\u00e9e du site ou refuser la participation \u00e0 l&#8217;\u00e9tape de l&#8217;inscription.<\/p>\n\n\n\n<p>Les conf\u00e9rences se d\u00e9roulent selon les principes d&#8217;anonymat de la r\u00e8gle de Chatham House. La r\u00e8gle de Chatham House stipule que les discutants ont le droit d&#8217;utiliser les informations qu&#8217;ils re\u00e7oivent, mais que ni le nom ni l&#8217;affiliation d&#8217;un participant ne peuvent \u00eatre divulgu\u00e9s. Ce principe vise \u00e0 pr\u00e9server l&#8217;anonymat des intervenants et \u00e0 encourager l&#8217;ouverture et le partage d&#8217;informations.<\/p>\n\n\n\n<p>En participant \u00e0 l&#8217;\u00e9v\u00e9nement et en communiquant avec les autres invit\u00e9s, vous assumez les risques \u00e9ventuels car nous ne pouvons pas garantir que tous les participants se sont inscrits sous leur v\u00e9ritable identit\u00e9.<\/p>\n\n\n\n<p>Des badges seront fournis pour identifier les participants \u00e0 la conf\u00e9rence, avec un symbole d&#8217;identification, \u00e9ventuellement sans nom.<\/p>\n\n\n\n<p>Les organisateurs se r\u00e9servent le droit de refuser l&#8217;entr\u00e9e et\/ou la participation aux participants si :<\/p>\n\n\n\n<p>Ils ont fourni des informations inexactes sur eux-m\u00eames<\/p>\n\n\n\n<p>Ils expriment l&#8217;intention de violer les r\u00e8gles ci-dessus ou les r\u00e8gles de conduite.<\/p>\n\n\n\n<p>Ils tentent d&#8217;enregistrer et de publier des pr\u00e9sentations ou des discussions, ou de collecter des informations sur les participants \u00e0 la conf\u00e9rence en violation des r\u00e8gles de Chatham House et de la pr\u00e9sente politique de s\u00e9curit\u00e9.<\/p>\n\n\n\n<h2 class=\"wp-block-heading\">Vie priv\u00e9e<\/h2>\n\n\n\n<p>Aucune photographie ou enregistrement vid\u00e9o n&#8217;est autoris\u00e9 lors de la conf\u00e9rence.<\/p>\n\n\n\n<p>Les donn\u00e9es personnelles sont collect\u00e9es via un formulaire d&#8217;inscription. Ils nous permettent d&#8217;optimiser l&#8217;organisation de l&#8217;\u00e9v\u00e9nement. Les donn\u00e9es sont strictement confidentielles et seront stock\u00e9es pendant 6 mois sur des serveurs appartenant \u00e0 <a href=\"https:\/\/equalit.ie\/privacy-policy\/\">eQualitie<\/a>. Ils sont prot\u00e9g\u00e9s par la technologie <a href=\"https:\/\/deflect.ca\/\">Deflect<\/a>. Les donn\u00e9es sont utilis\u00e9es pour vous envoyer un retour d&#8217;information par e-mail ou par d&#8217;autres coordonn\u00e9es que vous avez fournies afin de vous inviter \u00e0 de futurs \u00e9v\u00e9nements de la s\u00e9rie Internet sans fronti\u00e8res. Toutes les donn\u00e9es seront supprim\u00e9es apr\u00e8s 6 mois.<\/p>\n\n\n<div class=\"knd-block knd-block-cta alignfull\" style=\"\">\r\n\t\t<div class=\"knd-container\">\r\n\t\t\t<div class=\"knd-block-cta__inner\">\r\n\t\t\t\t<div class=\"knd-block-cta__figure\"><img width=\"800\" height=\"762\" src=\"https:\/\/internetborders.net\/france\/wp-content\/uploads\/sites\/2\/2022\/10\/people_new.png\" class=\"attachment-large size-large\" alt=\"\" decoding=\"async\" loading=\"lazy\" srcset=\"https:\/\/internetborders.net\/france\/wp-content\/uploads\/sites\/2\/2022\/10\/people_new.png 1000w, https:\/\/internetborders.net\/france\/wp-content\/uploads\/sites\/2\/2022\/10\/people_new-300x286.png 300w, https:\/\/internetborders.net\/france\/wp-content\/uploads\/sites\/2\/2022\/10\/people_new-150x143.png 150w, https:\/\/internetborders.net\/france\/wp-content\/uploads\/sites\/2\/2022\/10\/people_new-768x732.png 768w\" sizes=\"(max-width: 800px) 100vw, 800px\" \/><\/div>\r\n\t\t\t\t<div class=\"knd-block-cta__content\">\r\n\t\t\t\t\t\r\n\t\t\t\t\t<h2 class=\"knd-block-cta__text\">Participez \u00e0 la conf\u00e9rence, prenez part aux discussions, partagez votre exp\u00e9rience<\/h2>\r\n\t\t\t\t\t<div class=\"knd-block-cta__action\">\r\n\t\t\t\t<a  class=\"knd-button knd-button-lg\" role=\"button\" href=\"https:\/\/internetborders.net\/france\/register\/\">S&#8217;INSCRIRE<\/a>\r\n\t\t<\/div>\r\n\t\t\t\t<\/div>\r\n\t\t\t<\/div>\r\n\t\t<\/div>\r\n\t<\/div>","protected":false},"excerpt":{"rendered":"<p>Ce document d\u00e9crit les aspects fondamentaux de la s\u00e9curit\u00e9 personnelle des participants et des intervenants, des conf\u00e9renciers et des partenaires qui assisteront \u00e0 la s\u00e9rie de conf\u00e9rences Internet sans fronti\u00e8res&hellip;&nbsp;<a href=\"https:\/\/internetborders.net\/france\/fr\/politique-de-securite-2\/\"><span class=\"meta-nav\">\u0415\u0449\u0435&nbsp;&raquo;<\/span><\/a><\/p>\n","protected":false},"author":13,"featured_media":0,"parent":0,"menu_order":0,"comment_status":"closed","ping_status":"closed","template":"","meta":{"_knd_is_page_title":false},"yoast_head":"<!-- This site is optimized with the Yoast SEO plugin v20.6 - https:\/\/yoast.com\/wordpress\/plugins\/seo\/ -->\n<title>POLITIQUE DE S\u00c9CURIT\u00c9 - \u0418\u043d\u0442\u0435\u0440\u043d\u0435\u0442 \u0431\u0435\u0437 \u0433\u0440\u0430\u043d\u0438\u0446, \u041f\u0430\u0440\u0438\u0436<\/title>\n<meta name=\"robots\" content=\"index, follow, max-snippet:-1, max-image-preview:large, max-video-preview:-1\" \/>\n<link rel=\"canonical\" href=\"https:\/\/internetborders.net\/france\/fr\/politique-de-securite-2\/\" \/>\n<meta property=\"og:locale\" content=\"ru_RU\" \/>\n<meta property=\"og:type\" content=\"article\" \/>\n<meta property=\"og:title\" content=\"POLITIQUE DE S\u00c9CURIT\u00c9 - \u0418\u043d\u0442\u0435\u0440\u043d\u0435\u0442 \u0431\u0435\u0437 \u0433\u0440\u0430\u043d\u0438\u0446, \u041f\u0430\u0440\u0438\u0436\" \/>\n<meta property=\"og:description\" content=\"Ce document d\u00e9crit les aspects fondamentaux de la s\u00e9curit\u00e9 personnelle des participants et des intervenants, des conf\u00e9renciers et des partenaires qui assisteront \u00e0 la s\u00e9rie de conf\u00e9rences Internet sans fronti\u00e8res&hellip;&nbsp;\u0415\u0449\u0435&nbsp;&raquo;\" \/>\n<meta property=\"og:url\" content=\"https:\/\/internetborders.net\/france\/fr\/politique-de-securite-2\/\" \/>\n<meta property=\"og:site_name\" content=\"\u0418\u043d\u0442\u0435\u0440\u043d\u0435\u0442 \u0431\u0435\u0437 \u0433\u0440\u0430\u043d\u0438\u0446, \u041f\u0430\u0440\u0438\u0436\" \/>\n<meta property=\"article:modified_time\" content=\"2022-11-07T09:27:56+00:00\" \/>\n<meta name=\"twitter:card\" content=\"summary_large_image\" \/>\n<meta name=\"twitter:label1\" content=\"\u041f\u0440\u0438\u043c\u0435\u0440\u043d\u043e\u0435 \u0432\u0440\u0435\u043c\u044f \u0434\u043b\u044f \u0447\u0442\u0435\u043d\u0438\u044f\" \/>\n\t<meta name=\"twitter:data1\" content=\"3 \u043c\u0438\u043d\u0443\u0442\u044b\" \/>\n<script type=\"application\/ld+json\" class=\"yoast-schema-graph\">{\"@context\":\"https:\/\/schema.org\",\"@graph\":[{\"@type\":\"WebPage\",\"@id\":\"https:\/\/internetborders.net\/france\/fr\/politique-de-securite-2\/\",\"url\":\"https:\/\/internetborders.net\/france\/fr\/politique-de-securite-2\/\",\"name\":\"POLITIQUE DE S\u00c9CURIT\u00c9 - \u0418\u043d\u0442\u0435\u0440\u043d\u0435\u0442 \u0431\u0435\u0437 \u0433\u0440\u0430\u043d\u0438\u0446, \u041f\u0430\u0440\u0438\u0436\",\"isPartOf\":{\"@id\":\"https:\/\/internetborders.net\/france\/#website\"},\"datePublished\":\"2022-11-07T09:27:54+00:00\",\"dateModified\":\"2022-11-07T09:27:56+00:00\",\"breadcrumb\":{\"@id\":\"https:\/\/internetborders.net\/france\/fr\/politique-de-securite-2\/#breadcrumb\"},\"inLanguage\":\"ru-RU\",\"potentialAction\":[{\"@type\":\"ReadAction\",\"target\":[\"https:\/\/internetborders.net\/france\/fr\/politique-de-securite-2\/\"]}]},{\"@type\":\"BreadcrumbList\",\"@id\":\"https:\/\/internetborders.net\/france\/fr\/politique-de-securite-2\/#breadcrumb\",\"itemListElement\":[{\"@type\":\"ListItem\",\"position\":1,\"name\":\"\u0413\u043b\u0430\u0432\u043d\u0430\u044f\",\"item\":\"https:\/\/internetborders.net\/france\/\"},{\"@type\":\"ListItem\",\"position\":2,\"name\":\"POLITIQUE DE S\u00c9CURIT\u00c9\"}]},{\"@type\":\"WebSite\",\"@id\":\"https:\/\/internetborders.net\/france\/#website\",\"url\":\"https:\/\/internetborders.net\/france\/\",\"name\":\"\u0418\u043d\u0442\u0435\u0440\u043d\u0435\u0442 \u0431\u0435\u0437 \u0433\u0440\u0430\u043d\u0438\u0446, \u041f\u0430\u0440\u0438\u0436\",\"description\":\"\u0421\u0435\u0440\u0438\u044f \u043a\u043e\u043d\u0444\u0435\u0440\u0435\u043d\u0446\u0438\u0439 \u0437\u0430 \u0438\u043d\u0442\u0435\u0440\u043d\u0435\u0442 \u0431\u0435\u0437 \u0446\u0435\u043d\u0437\u0443\u0440\u044b\",\"publisher\":{\"@id\":\"https:\/\/internetborders.net\/france\/#organization\"},\"potentialAction\":[{\"@type\":\"SearchAction\",\"target\":{\"@type\":\"EntryPoint\",\"urlTemplate\":\"https:\/\/internetborders.net\/france\/?s={search_term_string}\"},\"query-input\":\"required name=search_term_string\"}],\"inLanguage\":\"ru-RU\"},{\"@type\":\"Organization\",\"@id\":\"https:\/\/internetborders.net\/france\/#organization\",\"name\":\"\u0418\u043d\u0442\u0435\u0440\u043d\u0435\u0442 \u0431\u0435\u0437 \u0433\u0440\u0430\u043d\u0438\u0446, \u041f\u0430\u0440\u0438\u0436\",\"url\":\"https:\/\/internetborders.net\/france\/\",\"logo\":{\"@type\":\"ImageObject\",\"inLanguage\":\"ru-RU\",\"@id\":\"https:\/\/internetborders.net\/france\/#\/schema\/logo\/image\/\",\"url\":\"https:\/\/internetborders.net\/france\/wp-content\/uploads\/sites\/2\/2022\/11\/cropped-avatar_120x120px.png\",\"contentUrl\":\"https:\/\/internetborders.net\/france\/wp-content\/uploads\/sites\/2\/2022\/11\/cropped-avatar_120x120px.png\",\"width\":122,\"height\":122,\"caption\":\"\u0418\u043d\u0442\u0435\u0440\u043d\u0435\u0442 \u0431\u0435\u0437 \u0433\u0440\u0430\u043d\u0438\u0446, \u041f\u0430\u0440\u0438\u0436\"},\"image\":{\"@id\":\"https:\/\/internetborders.net\/france\/#\/schema\/logo\/image\/\"}}]}<\/script>\n<!-- \/ Yoast SEO plugin. -->","yoast_head_json":{"title":"POLITIQUE DE S\u00c9CURIT\u00c9 - \u0418\u043d\u0442\u0435\u0440\u043d\u0435\u0442 \u0431\u0435\u0437 \u0433\u0440\u0430\u043d\u0438\u0446, \u041f\u0430\u0440\u0438\u0436","robots":{"index":"index","follow":"follow","max-snippet":"max-snippet:-1","max-image-preview":"max-image-preview:large","max-video-preview":"max-video-preview:-1"},"canonical":"https:\/\/internetborders.net\/france\/fr\/politique-de-securite-2\/","og_locale":"ru_RU","og_type":"article","og_title":"POLITIQUE DE S\u00c9CURIT\u00c9 - \u0418\u043d\u0442\u0435\u0440\u043d\u0435\u0442 \u0431\u0435\u0437 \u0433\u0440\u0430\u043d\u0438\u0446, \u041f\u0430\u0440\u0438\u0436","og_description":"Ce document d\u00e9crit les aspects fondamentaux de la s\u00e9curit\u00e9 personnelle des participants et des intervenants, des conf\u00e9renciers et des partenaires qui assisteront \u00e0 la s\u00e9rie de conf\u00e9rences Internet sans fronti\u00e8res&hellip;&nbsp;\u0415\u0449\u0435&nbsp;&raquo;","og_url":"https:\/\/internetborders.net\/france\/fr\/politique-de-securite-2\/","og_site_name":"\u0418\u043d\u0442\u0435\u0440\u043d\u0435\u0442 \u0431\u0435\u0437 \u0433\u0440\u0430\u043d\u0438\u0446, \u041f\u0430\u0440\u0438\u0436","article_modified_time":"2022-11-07T09:27:56+00:00","twitter_card":"summary_large_image","twitter_misc":{"\u041f\u0440\u0438\u043c\u0435\u0440\u043d\u043e\u0435 \u0432\u0440\u0435\u043c\u044f \u0434\u043b\u044f \u0447\u0442\u0435\u043d\u0438\u044f":"3 \u043c\u0438\u043d\u0443\u0442\u044b"},"schema":{"@context":"https:\/\/schema.org","@graph":[{"@type":"WebPage","@id":"https:\/\/internetborders.net\/france\/fr\/politique-de-securite-2\/","url":"https:\/\/internetborders.net\/france\/fr\/politique-de-securite-2\/","name":"POLITIQUE DE S\u00c9CURIT\u00c9 - \u0418\u043d\u0442\u0435\u0440\u043d\u0435\u0442 \u0431\u0435\u0437 \u0433\u0440\u0430\u043d\u0438\u0446, \u041f\u0430\u0440\u0438\u0436","isPartOf":{"@id":"https:\/\/internetborders.net\/france\/#website"},"datePublished":"2022-11-07T09:27:54+00:00","dateModified":"2022-11-07T09:27:56+00:00","breadcrumb":{"@id":"https:\/\/internetborders.net\/france\/fr\/politique-de-securite-2\/#breadcrumb"},"inLanguage":"ru-RU","potentialAction":[{"@type":"ReadAction","target":["https:\/\/internetborders.net\/france\/fr\/politique-de-securite-2\/"]}]},{"@type":"BreadcrumbList","@id":"https:\/\/internetborders.net\/france\/fr\/politique-de-securite-2\/#breadcrumb","itemListElement":[{"@type":"ListItem","position":1,"name":"\u0413\u043b\u0430\u0432\u043d\u0430\u044f","item":"https:\/\/internetborders.net\/france\/"},{"@type":"ListItem","position":2,"name":"POLITIQUE DE S\u00c9CURIT\u00c9"}]},{"@type":"WebSite","@id":"https:\/\/internetborders.net\/france\/#website","url":"https:\/\/internetborders.net\/france\/","name":"\u0418\u043d\u0442\u0435\u0440\u043d\u0435\u0442 \u0431\u0435\u0437 \u0433\u0440\u0430\u043d\u0438\u0446, \u041f\u0430\u0440\u0438\u0436","description":"\u0421\u0435\u0440\u0438\u044f \u043a\u043e\u043d\u0444\u0435\u0440\u0435\u043d\u0446\u0438\u0439 \u0437\u0430 \u0438\u043d\u0442\u0435\u0440\u043d\u0435\u0442 \u0431\u0435\u0437 \u0446\u0435\u043d\u0437\u0443\u0440\u044b","publisher":{"@id":"https:\/\/internetborders.net\/france\/#organization"},"potentialAction":[{"@type":"SearchAction","target":{"@type":"EntryPoint","urlTemplate":"https:\/\/internetborders.net\/france\/?s={search_term_string}"},"query-input":"required name=search_term_string"}],"inLanguage":"ru-RU"},{"@type":"Organization","@id":"https:\/\/internetborders.net\/france\/#organization","name":"\u0418\u043d\u0442\u0435\u0440\u043d\u0435\u0442 \u0431\u0435\u0437 \u0433\u0440\u0430\u043d\u0438\u0446, \u041f\u0430\u0440\u0438\u0436","url":"https:\/\/internetborders.net\/france\/","logo":{"@type":"ImageObject","inLanguage":"ru-RU","@id":"https:\/\/internetborders.net\/france\/#\/schema\/logo\/image\/","url":"https:\/\/internetborders.net\/france\/wp-content\/uploads\/sites\/2\/2022\/11\/cropped-avatar_120x120px.png","contentUrl":"https:\/\/internetborders.net\/france\/wp-content\/uploads\/sites\/2\/2022\/11\/cropped-avatar_120x120px.png","width":122,"height":122,"caption":"\u0418\u043d\u0442\u0435\u0440\u043d\u0435\u0442 \u0431\u0435\u0437 \u0433\u0440\u0430\u043d\u0438\u0446, \u041f\u0430\u0440\u0438\u0436"},"image":{"@id":"https:\/\/internetborders.net\/france\/#\/schema\/logo\/image\/"}}]}},"_links":{"self":[{"href":"https:\/\/internetborders.net\/france\/wp-json\/wp\/v2\/pages\/3077"}],"collection":[{"href":"https:\/\/internetborders.net\/france\/wp-json\/wp\/v2\/pages"}],"about":[{"href":"https:\/\/internetborders.net\/france\/wp-json\/wp\/v2\/types\/page"}],"author":[{"embeddable":true,"href":"https:\/\/internetborders.net\/france\/wp-json\/wp\/v2\/users\/13"}],"replies":[{"embeddable":true,"href":"https:\/\/internetborders.net\/france\/wp-json\/wp\/v2\/comments?post=3077"}],"version-history":[{"count":1,"href":"https:\/\/internetborders.net\/france\/wp-json\/wp\/v2\/pages\/3077\/revisions"}],"predecessor-version":[{"id":3078,"href":"https:\/\/internetborders.net\/france\/wp-json\/wp\/v2\/pages\/3077\/revisions\/3078"}],"wp:attachment":[{"href":"https:\/\/internetborders.net\/france\/wp-json\/wp\/v2\/media?parent=3077"}],"curies":[{"name":"wp","href":"https:\/\/api.w.org\/{rel}","templated":true}]}}