{"id":3033,"date":"2022-11-05T19:11:43","date_gmt":"2022-11-05T16:11:43","guid":{"rendered":"https:\/\/internetborders.net\/france\/?page_id=3033"},"modified":"2022-11-16T16:05:41","modified_gmt":"2022-11-16T13:05:41","slug":"taches-du-hackathon","status":"publish","type":"page","link":"https:\/\/internetborders.net\/france\/fr\/taches-du-hackathon\/","title":{"rendered":"T\u00c2CHES DU HACKATHON"},"content":{"rendered":"\n<p>Toutes les t\u00e2ches du hackathon appara\u00eetront ici bient\u00f4t. Si vous \u00eates d\u00e9j\u00e0 inscrit.e, nous vous enverrons des mises \u00e0 jour par courrier \u00e9lectronique.<\/p>\n\n\n\n<h2 class=\"wp-block-heading\">T\u00e2ches du projet CENO<\/h2>\n\n\n\n<p>CENO (Censorship.no) est un navigateur qui utilise les protocoles BitTorrent et Ouinet pour acc\u00e9der aux informations bloqu\u00e9es. Les t\u00e2ches du CENO sont les suivantes : rendre le navigateur plus populaire aupr\u00e8s des utilisateurs non techniques (\u00e0 travers des m\u00e8mes, des contenus vid\u00e9o, des infographies sur r\u00e9seaux sociaux) ; am\u00e9liorer le protocole Ouinet ; d\u00e9velopper un plugin CENO pour Chrome, etc.<\/p>\n\n\n\n<div class=\"wp-block-buttons is-layout-flex\">\n<div class=\"wp-block-button\"><a class=\"wp-block-button__link has-white-color has-main-background-color has-text-color has-background wp-element-button\" href=\"https:\/\/internetborders.net\/france\/fr\/ceno-challenge-fr\/\" style=\"border-radius:8px\" rel=\"https:\/\/internetborders.net\/france\/hackathon-challenges\/ noopener\">D\u00c9TAILS<\/a><\/div>\n<\/div>\n\n\n\n<p><\/p>\n\n\n\n<h2 class=\"wp-block-heading\">T\u00e2ches du projet OONI<\/h2>\n\n\n\n<p>Le projet OONI (Open Observatory of Network Interference) aide des personnes du monde entier \u00e0 mesurer et \u00e0 enregistrer des blocages de sites web, \u00e0 collecter et \u00e0 analyser des donn\u00e9es sur la censure, et donc \u00e0 mieux la combattre.<\/p>\n\n\n\n<div class=\"wp-block-buttons is-layout-flex\">\n<div class=\"wp-block-button\"><a class=\"wp-block-button__link has-white-color has-main-background-color has-text-color has-background wp-element-button\" href=\"https:\/\/internetborders.net\/france\/ooni-challenge\/\" style=\"border-radius:8px\" rel=\"https:\/\/internetborders.net\/france\/hackathon-challenges\/ noopener\">D\u00c9TAILS<\/a><\/div>\n<\/div>\n\n\n\n<h2 class=\"wp-block-heading\">T\u00e2ches du projet AmneziaVPN<\/h2>\n\n\n\n<p>AmneziaVPN est un service gratuit permettant de cr\u00e9er un VPN personnel sur votre serveur. Il vous aide \u00e0 acc\u00e9der aux contenus bloqu\u00e9s sans r\u00e9v\u00e9ler votre vie priv\u00e9e, m\u00eame aux fournisseurs de VPN.<\/p>\n\n\n\n<div class=\"wp-block-buttons is-layout-flex\">\n<div class=\"wp-block-button\"><a class=\"wp-block-button__link has-white-color has-main-background-color has-text-color has-background wp-element-button\" href=\"https:\/\/internetborders.net\/france\/amneziavpn-challenge\/\" style=\"border-radius:8px\" rel=\"https:\/\/internetborders.net\/france\/hackathon-challenges\/ noopener\">D\u00c9TAILS<\/a><\/div>\n<\/div>\n\n\n\n<div style=\"height:46px\" aria-hidden=\"true\" class=\"wp-block-spacer\"><\/div>\n\n\n\n<h2 class=\"wp-block-heading\">T\u00e2ches du projet Lantern<\/h2>\n\n\n\n<p>Lantern is a desktop and mobile software application that provides fast, reliable and secure access to blocked websites and applications while maintaining privacy.<\/p>\n\n\n\n<div class=\"wp-block-buttons is-layout-flex\">\n<div class=\"wp-block-button\"><a class=\"wp-block-button__link has-white-color has-main-background-color has-text-color has-background wp-element-button\" href=\"https:\/\/internetborders.net\/france\/fr\/lantern-challenge-fr\/\" style=\"border-radius:8px\" rel=\"https:\/\/internetborders.net\/france\/hackathon-challenges\/ noopener\">D\u00c9TAILS<\/a><\/div>\n<\/div>\n\n\n\n<div style=\"height:40px\" aria-hidden=\"true\" class=\"wp-block-spacer\"><\/div>\n","protected":false},"excerpt":{"rendered":"<p>Toutes les t\u00e2ches du hackathon appara\u00eetront ici bient\u00f4t. Si vous \u00eates d\u00e9j\u00e0 inscrit.e, nous vous enverrons des mises \u00e0 jour par courrier \u00e9lectronique. T\u00e2ches du projet CENO CENO (Censorship.no) est&hellip;&nbsp;<a href=\"https:\/\/internetborders.net\/france\/fr\/taches-du-hackathon\/\"><span class=\"meta-nav\">\u0415\u0449\u0435&nbsp;&raquo;<\/span><\/a><\/p>\n","protected":false},"author":122,"featured_media":0,"parent":0,"menu_order":0,"comment_status":"closed","ping_status":"closed","template":"","meta":{"_knd_is_page_title":false},"yoast_head":"<!-- This site is optimized with the Yoast SEO plugin v20.6 - https:\/\/yoast.com\/wordpress\/plugins\/seo\/ -->\n<title>T\u00c2CHES DU HACKATHON - \u0418\u043d\u0442\u0435\u0440\u043d\u0435\u0442 \u0431\u0435\u0437 \u0433\u0440\u0430\u043d\u0438\u0446, \u041f\u0430\u0440\u0438\u0436<\/title>\n<meta name=\"robots\" content=\"index, follow, max-snippet:-1, max-image-preview:large, max-video-preview:-1\" \/>\n<link rel=\"canonical\" href=\"https:\/\/internetborders.net\/france\/fr\/taches-du-hackathon\/\" \/>\n<meta property=\"og:locale\" content=\"ru_RU\" \/>\n<meta property=\"og:type\" content=\"article\" \/>\n<meta property=\"og:title\" content=\"T\u00c2CHES DU HACKATHON - \u0418\u043d\u0442\u0435\u0440\u043d\u0435\u0442 \u0431\u0435\u0437 \u0433\u0440\u0430\u043d\u0438\u0446, \u041f\u0430\u0440\u0438\u0436\" \/>\n<meta property=\"og:description\" content=\"Toutes les t\u00e2ches du hackathon appara\u00eetront ici bient\u00f4t. Si vous \u00eates d\u00e9j\u00e0 inscrit.e, nous vous enverrons des mises \u00e0 jour par courrier \u00e9lectronique. T\u00e2ches du projet CENO CENO (Censorship.no) est&hellip;&nbsp;\u0415\u0449\u0435&nbsp;&raquo;\" \/>\n<meta property=\"og:url\" content=\"https:\/\/internetborders.net\/france\/fr\/taches-du-hackathon\/\" \/>\n<meta property=\"og:site_name\" content=\"\u0418\u043d\u0442\u0435\u0440\u043d\u0435\u0442 \u0431\u0435\u0437 \u0433\u0440\u0430\u043d\u0438\u0446, \u041f\u0430\u0440\u0438\u0436\" \/>\n<meta property=\"article:modified_time\" content=\"2022-11-16T13:05:41+00:00\" \/>\n<meta name=\"twitter:card\" content=\"summary_large_image\" \/>\n<meta name=\"twitter:label1\" content=\"\u041f\u0440\u0438\u043c\u0435\u0440\u043d\u043e\u0435 \u0432\u0440\u0435\u043c\u044f \u0434\u043b\u044f \u0447\u0442\u0435\u043d\u0438\u044f\" \/>\n\t<meta name=\"twitter:data1\" content=\"2 \u043c\u0438\u043d\u0443\u0442\u044b\" \/>\n<script type=\"application\/ld+json\" class=\"yoast-schema-graph\">{\"@context\":\"https:\/\/schema.org\",\"@graph\":[{\"@type\":\"WebPage\",\"@id\":\"https:\/\/internetborders.net\/france\/fr\/taches-du-hackathon\/\",\"url\":\"https:\/\/internetborders.net\/france\/fr\/taches-du-hackathon\/\",\"name\":\"T\u00c2CHES DU HACKATHON - \u0418\u043d\u0442\u0435\u0440\u043d\u0435\u0442 \u0431\u0435\u0437 \u0433\u0440\u0430\u043d\u0438\u0446, \u041f\u0430\u0440\u0438\u0436\",\"isPartOf\":{\"@id\":\"https:\/\/internetborders.net\/france\/#website\"},\"datePublished\":\"2022-11-05T16:11:43+00:00\",\"dateModified\":\"2022-11-16T13:05:41+00:00\",\"breadcrumb\":{\"@id\":\"https:\/\/internetborders.net\/france\/fr\/taches-du-hackathon\/#breadcrumb\"},\"inLanguage\":\"ru-RU\",\"potentialAction\":[{\"@type\":\"ReadAction\",\"target\":[\"https:\/\/internetborders.net\/france\/fr\/taches-du-hackathon\/\"]}]},{\"@type\":\"BreadcrumbList\",\"@id\":\"https:\/\/internetborders.net\/france\/fr\/taches-du-hackathon\/#breadcrumb\",\"itemListElement\":[{\"@type\":\"ListItem\",\"position\":1,\"name\":\"\u0413\u043b\u0430\u0432\u043d\u0430\u044f\",\"item\":\"https:\/\/internetborders.net\/france\/\"},{\"@type\":\"ListItem\",\"position\":2,\"name\":\"T\u00c2CHES DU HACKATHON\"}]},{\"@type\":\"WebSite\",\"@id\":\"https:\/\/internetborders.net\/france\/#website\",\"url\":\"https:\/\/internetborders.net\/france\/\",\"name\":\"\u0418\u043d\u0442\u0435\u0440\u043d\u0435\u0442 \u0431\u0435\u0437 \u0433\u0440\u0430\u043d\u0438\u0446, \u041f\u0430\u0440\u0438\u0436\",\"description\":\"\u0421\u0435\u0440\u0438\u044f \u043a\u043e\u043d\u0444\u0435\u0440\u0435\u043d\u0446\u0438\u0439 \u0437\u0430 \u0438\u043d\u0442\u0435\u0440\u043d\u0435\u0442 \u0431\u0435\u0437 \u0446\u0435\u043d\u0437\u0443\u0440\u044b\",\"publisher\":{\"@id\":\"https:\/\/internetborders.net\/france\/#organization\"},\"potentialAction\":[{\"@type\":\"SearchAction\",\"target\":{\"@type\":\"EntryPoint\",\"urlTemplate\":\"https:\/\/internetborders.net\/france\/?s={search_term_string}\"},\"query-input\":\"required name=search_term_string\"}],\"inLanguage\":\"ru-RU\"},{\"@type\":\"Organization\",\"@id\":\"https:\/\/internetborders.net\/france\/#organization\",\"name\":\"\u0418\u043d\u0442\u0435\u0440\u043d\u0435\u0442 \u0431\u0435\u0437 \u0433\u0440\u0430\u043d\u0438\u0446, \u041f\u0430\u0440\u0438\u0436\",\"url\":\"https:\/\/internetborders.net\/france\/\",\"logo\":{\"@type\":\"ImageObject\",\"inLanguage\":\"ru-RU\",\"@id\":\"https:\/\/internetborders.net\/france\/#\/schema\/logo\/image\/\",\"url\":\"https:\/\/internetborders.net\/france\/wp-content\/uploads\/sites\/2\/2022\/11\/cropped-avatar_120x120px.png\",\"contentUrl\":\"https:\/\/internetborders.net\/france\/wp-content\/uploads\/sites\/2\/2022\/11\/cropped-avatar_120x120px.png\",\"width\":122,\"height\":122,\"caption\":\"\u0418\u043d\u0442\u0435\u0440\u043d\u0435\u0442 \u0431\u0435\u0437 \u0433\u0440\u0430\u043d\u0438\u0446, \u041f\u0430\u0440\u0438\u0436\"},\"image\":{\"@id\":\"https:\/\/internetborders.net\/france\/#\/schema\/logo\/image\/\"}}]}<\/script>\n<!-- \/ Yoast SEO plugin. -->","yoast_head_json":{"title":"T\u00c2CHES DU HACKATHON - \u0418\u043d\u0442\u0435\u0440\u043d\u0435\u0442 \u0431\u0435\u0437 \u0433\u0440\u0430\u043d\u0438\u0446, \u041f\u0430\u0440\u0438\u0436","robots":{"index":"index","follow":"follow","max-snippet":"max-snippet:-1","max-image-preview":"max-image-preview:large","max-video-preview":"max-video-preview:-1"},"canonical":"https:\/\/internetborders.net\/france\/fr\/taches-du-hackathon\/","og_locale":"ru_RU","og_type":"article","og_title":"T\u00c2CHES DU HACKATHON - \u0418\u043d\u0442\u0435\u0440\u043d\u0435\u0442 \u0431\u0435\u0437 \u0433\u0440\u0430\u043d\u0438\u0446, \u041f\u0430\u0440\u0438\u0436","og_description":"Toutes les t\u00e2ches du hackathon appara\u00eetront ici bient\u00f4t. Si vous \u00eates d\u00e9j\u00e0 inscrit.e, nous vous enverrons des mises \u00e0 jour par courrier \u00e9lectronique. T\u00e2ches du projet CENO CENO (Censorship.no) est&hellip;&nbsp;\u0415\u0449\u0435&nbsp;&raquo;","og_url":"https:\/\/internetborders.net\/france\/fr\/taches-du-hackathon\/","og_site_name":"\u0418\u043d\u0442\u0435\u0440\u043d\u0435\u0442 \u0431\u0435\u0437 \u0433\u0440\u0430\u043d\u0438\u0446, \u041f\u0430\u0440\u0438\u0436","article_modified_time":"2022-11-16T13:05:41+00:00","twitter_card":"summary_large_image","twitter_misc":{"\u041f\u0440\u0438\u043c\u0435\u0440\u043d\u043e\u0435 \u0432\u0440\u0435\u043c\u044f \u0434\u043b\u044f \u0447\u0442\u0435\u043d\u0438\u044f":"2 \u043c\u0438\u043d\u0443\u0442\u044b"},"schema":{"@context":"https:\/\/schema.org","@graph":[{"@type":"WebPage","@id":"https:\/\/internetborders.net\/france\/fr\/taches-du-hackathon\/","url":"https:\/\/internetborders.net\/france\/fr\/taches-du-hackathon\/","name":"T\u00c2CHES DU HACKATHON - \u0418\u043d\u0442\u0435\u0440\u043d\u0435\u0442 \u0431\u0435\u0437 \u0433\u0440\u0430\u043d\u0438\u0446, \u041f\u0430\u0440\u0438\u0436","isPartOf":{"@id":"https:\/\/internetborders.net\/france\/#website"},"datePublished":"2022-11-05T16:11:43+00:00","dateModified":"2022-11-16T13:05:41+00:00","breadcrumb":{"@id":"https:\/\/internetborders.net\/france\/fr\/taches-du-hackathon\/#breadcrumb"},"inLanguage":"ru-RU","potentialAction":[{"@type":"ReadAction","target":["https:\/\/internetborders.net\/france\/fr\/taches-du-hackathon\/"]}]},{"@type":"BreadcrumbList","@id":"https:\/\/internetborders.net\/france\/fr\/taches-du-hackathon\/#breadcrumb","itemListElement":[{"@type":"ListItem","position":1,"name":"\u0413\u043b\u0430\u0432\u043d\u0430\u044f","item":"https:\/\/internetborders.net\/france\/"},{"@type":"ListItem","position":2,"name":"T\u00c2CHES DU HACKATHON"}]},{"@type":"WebSite","@id":"https:\/\/internetborders.net\/france\/#website","url":"https:\/\/internetborders.net\/france\/","name":"\u0418\u043d\u0442\u0435\u0440\u043d\u0435\u0442 \u0431\u0435\u0437 \u0433\u0440\u0430\u043d\u0438\u0446, \u041f\u0430\u0440\u0438\u0436","description":"\u0421\u0435\u0440\u0438\u044f \u043a\u043e\u043d\u0444\u0435\u0440\u0435\u043d\u0446\u0438\u0439 \u0437\u0430 \u0438\u043d\u0442\u0435\u0440\u043d\u0435\u0442 \u0431\u0435\u0437 \u0446\u0435\u043d\u0437\u0443\u0440\u044b","publisher":{"@id":"https:\/\/internetborders.net\/france\/#organization"},"potentialAction":[{"@type":"SearchAction","target":{"@type":"EntryPoint","urlTemplate":"https:\/\/internetborders.net\/france\/?s={search_term_string}"},"query-input":"required name=search_term_string"}],"inLanguage":"ru-RU"},{"@type":"Organization","@id":"https:\/\/internetborders.net\/france\/#organization","name":"\u0418\u043d\u0442\u0435\u0440\u043d\u0435\u0442 \u0431\u0435\u0437 \u0433\u0440\u0430\u043d\u0438\u0446, \u041f\u0430\u0440\u0438\u0436","url":"https:\/\/internetborders.net\/france\/","logo":{"@type":"ImageObject","inLanguage":"ru-RU","@id":"https:\/\/internetborders.net\/france\/#\/schema\/logo\/image\/","url":"https:\/\/internetborders.net\/france\/wp-content\/uploads\/sites\/2\/2022\/11\/cropped-avatar_120x120px.png","contentUrl":"https:\/\/internetborders.net\/france\/wp-content\/uploads\/sites\/2\/2022\/11\/cropped-avatar_120x120px.png","width":122,"height":122,"caption":"\u0418\u043d\u0442\u0435\u0440\u043d\u0435\u0442 \u0431\u0435\u0437 \u0433\u0440\u0430\u043d\u0438\u0446, \u041f\u0430\u0440\u0438\u0436"},"image":{"@id":"https:\/\/internetborders.net\/france\/#\/schema\/logo\/image\/"}}]}},"_links":{"self":[{"href":"https:\/\/internetborders.net\/france\/wp-json\/wp\/v2\/pages\/3033"}],"collection":[{"href":"https:\/\/internetborders.net\/france\/wp-json\/wp\/v2\/pages"}],"about":[{"href":"https:\/\/internetborders.net\/france\/wp-json\/wp\/v2\/types\/page"}],"author":[{"embeddable":true,"href":"https:\/\/internetborders.net\/france\/wp-json\/wp\/v2\/users\/122"}],"replies":[{"embeddable":true,"href":"https:\/\/internetborders.net\/france\/wp-json\/wp\/v2\/comments?post=3033"}],"version-history":[{"count":4,"href":"https:\/\/internetborders.net\/france\/wp-json\/wp\/v2\/pages\/3033\/revisions"}],"predecessor-version":[{"id":3225,"href":"https:\/\/internetborders.net\/france\/wp-json\/wp\/v2\/pages\/3033\/revisions\/3225"}],"wp:attachment":[{"href":"https:\/\/internetborders.net\/france\/wp-json\/wp\/v2\/media?parent=3033"}],"curies":[{"name":"wp","href":"https:\/\/api.w.org\/{rel}","templated":true}]}}