{"id":2996,"date":"2022-11-04T12:40:05","date_gmt":"2022-11-04T09:40:05","guid":{"rendered":"https:\/\/internetborders.net\/france\/main-francais\/"},"modified":"2022-11-16T15:23:38","modified_gmt":"2022-11-16T12:23:38","slug":"main-francais","status":"publish","type":"page","link":"https:\/\/internetborders.net\/france\/fr\/","title":{"rendered":"INTERNET SANS FRONTI\u00c8RES"},"content":{"rendered":"<div class=\"knd-block knd-block-hero alignfull has-background\" style=\"background-image: url(https:\/\/internetborders.net\/france\/wp-content\/uploads\/sites\/2\/2022\/10\/2000x900px_NEW_3-1.jpg);--knd-block-hero-color:#ffffff;--knd-color-headings:#ffffff;--knd-block-hero-background:#ff6900;--knd-block-hero-overlay-start:rgba(255,106,0,0.01);--knd-block-hero-overlay-end:rgba(255,255,255,0.01);--knd-button-background:#eb6607;--knd-block-hero-height:400px;\">\r\n\t\t<div class=\"knd-block-hero__inner\">\r\n\t\t\t<div class=\"knd-block-hero__content\">\r\n\t\t\t\t<h1 class=\"knd-block-hero__title\">Conf\u00e9rence et hackathon pour la d\u00e9fense d&#8217;un internet libre<\/h1>\r\n\t\t\t\t<div class=\"knd-block-hero__text\">Les participants d\u00e9velopperont des services et des applications pour contourner les<br \/>\nblocages, \u00e9tendre les VPN et lutter contre l&#8217;isolement.<br \/>\nVenez \u00e0 l&#8217;\u00e9v\u00e9nement, participez au d\u00e9veloppement et aidez \u00e0 lutter contre la censure.<br \/>\nPrix du hackathon : $5 000<br \/>\n<strong>Paris, 18-19 novembre 2022 <\/strong>  <\/div>\r\n\t\t\t\t<div class=\"knd-block-hero__actions\"><a href=\"https:\/\/internetborders.net\/france\/fr\/inscription\" role=\"button\" class=\"knd-button\">JE SOUHAITE PARTICIPER<\/a><\/div>\r\n\t\t\t<\/div>\r\n\t\t\t<div class=\"knd-block-hero__figure\"><img width=\"800\" height=\"762\" src=\"https:\/\/internetborders.net\/france\/wp-content\/uploads\/sites\/2\/2022\/10\/people_new.png\" class=\"attachment-large size-large\" alt=\"\" decoding=\"async\" loading=\"lazy\" srcset=\"https:\/\/internetborders.net\/france\/wp-content\/uploads\/sites\/2\/2022\/10\/people_new.png 1000w, https:\/\/internetborders.net\/france\/wp-content\/uploads\/sites\/2\/2022\/10\/people_new-300x286.png 300w, https:\/\/internetborders.net\/france\/wp-content\/uploads\/sites\/2\/2022\/10\/people_new-150x143.png 150w, https:\/\/internetborders.net\/france\/wp-content\/uploads\/sites\/2\/2022\/10\/people_new-768x732.png 768w\" sizes=\"(max-width: 800px) 100vw, 800px\" \/><\/div>\r\n\t\t<\/div>\r\n\t<\/div>\n\n\n<div style=\"height:20px\" aria-hidden=\"true\" class=\"wp-block-spacer\"><\/div>\n\n\n\n<h3 class=\"wp-block-heading\">Pourquoi est-il important de s&#8217;impliquer maintenant ?<\/h3>\n\n\n\n<p>La connectivit\u00e9 de la Russie et des territoires temporairement occup\u00e9s de l&#8217;Ukraine avec le monde ext\u00e9rieur est fortement r\u00e9duite. L&#8217;acc\u00e8s aux services et aux plateformes est restreint, la censure de l&#8217;internet augmente et les libert\u00e9s sur l&#8217;internet sont en danger. Il convient de discuter de cette situation et de rechercher des solutions pour pr\u00e9server la libert\u00e9 d&#8217;information entre les pays. \u00abInternet sans fronti\u00e8res\u00bb cherche des solutions avec votre aide.<\/p>\n\n\n\n<div style=\"height:50px\" aria-hidden=\"true\" class=\"wp-block-spacer\"><\/div>\n\n\n<div class=\"knd-block knd-block-info notoppadding alignwide has-columns\" style=\"\">\r\n\t\t<div class=\"knd-container\">\r\n\t\t\t<div class=\"knd-block-info__heading\">\r\n\t\t\t\t\r\n\t\t\t\t<h2 class=\"knd-block-info__text\">\u00abInternet sans fronti\u00e8res\u00bb, c&#8217;est une technologie de pointe, une communaut\u00e9 dynamique, le\nd\u00e9veloppement et le lancement de projets<\/h2>\r\n\t\t<\/div>\r\n\t\t\t<div class=\"knd-block-info__row\"><div class=\"knd-block-info__col\">\r\n\t\t\t\t<div class=\"knd-block-info__content\">\r\n\t\t\t\t\t<h3>Conf\u00e9rence, 18 novembre 2022<\/h3>\r\n\t\t\t\t\t<p>Nous parlerons des d\u00e9fis que repr\u00e9sentent l&#8217;exploration, la mesure et la lutte contre la censure, le blocage et l&#8217;isolement de l&#8217;internet. L&#8217;objectif principal est d&#8217;augmenter consid\u00e9rablement le nombre de personnes utilisant des VPN et d&#8217;autres outils pour contourner la censure.<\/p>\n\r\n\t\t\t\t<\/div><div class=\"knd-block-info__link\"><a href=\"https:\/\/internetborders.net\/france\/fr\/programme-fr\/\">LIRE PLUS<\/a><\/div><\/div><div class=\"knd-block-info__col\">\r\n\t\t\t\t<div class=\"knd-block-info__content\">\r\n\t\t\t\t\t<h3>Hackathon, 19 novembre 2022<\/h3>\r\n\t\t\t\t\t<p>Les partenaires technologiques invitent les \u00e9quipes \u00e0 r\u00e9soudre des t\u00e2ches li\u00e9es au contournement des blocages, \u00e0 l&#8217;analyse des shutdowns, etc. Les \u00e9quipes qui auront accompli les t\u00e2ches avec succ\u00e8s recevront des prix en esp\u00e8ces.<\/p>\n\r\n\t\t\t\t<\/div><div class=\"knd-block-info__link\"><a href=\"https:\/\/internetborders.net\/france\/fr\/hackathon-fr\/\">LIRE PLUS<\/a><\/div><\/div><div class=\"knd-block-info__col\">\r\n\t\t\t\t<div class=\"knd-block-info__content\">\r\n\t\t\t\t\t<h3>Comment participer ?<\/h3>\r\n\t\t\t\t\t<p>Vous pouvez participer \u00e0 tout format : conf\u00e9rence uniquement, hackathon, ou les deux jours. L&#8217;\u00e9v\u00e9nement aura lieu hors ligne, sans diffusion en ligne. La participation est gratuite. Venez vous-m\u00eame et invitez vos coll\u00e8gues.<\/p>\n\r\n\t\t\t\t<\/div><div class=\"knd-block-info__link\"><a href=\"https:\/\/internetborders.net\/france\/register\/\">INSCRIPTION<\/a><\/div><\/div><\/div>\r\n\t\t<\/div>\r\n\t<\/div>\n\n<div class=\"knd-block knd-block-info notoppadding alignfull has-background has-columns\" style=\"--knd-block-info-background:#5127c7;--knd-block-info-heading-color:#ffffff;--knd-block-info-title-color:#ffffff;--knd-block-info-headings-color:#ffffff;--knd-block-info-text-color:#ffffff;\">\r\n\t\t<div class=\"knd-container\">\r\n\t\t\t<div class=\"knd-block-info__heading\">\r\n\t\t\t\t\r\n\t\t\t\t<h2 class=\"knd-block-info__text\">Sujets de discussions, pr\u00e9sentations et projets<\/h2>\r\n\t\t<\/div>\r\n\t\t\t<div class=\"knd-block-info__row\"><div class=\"knd-block-info__col\">\r\n\t\t\t\t<div class=\"knd-block-info__content\">\r\n\t\t\t\t\t<h3>Camp d&#8217;entra\u00eenement anti-censure<\/h3>\r\n\t\t\t\t\t<p>\u2014 Comment expliquer aux autres le fonctionnement de VPN et comment le configurer ?<br \/>\n\u2014 \u00c9tude approfondie des technologies de contournement des blocages<br \/>\n\u2014 Mesure et analyse de la censure de l&#8217;internet<\/p>\n\r\n\t\t\t\t<\/div><\/div><div class=\"knd-block-info__col\">\r\n\t\t\t\t<div class=\"knd-block-info__content\">\r\n\t\t\t\t\t<h3>Promotion de la libert\u00e9 de l&#8217;internet<\/h3>\r\n\t\t\t\t\t<p>\u2014 Promotion des technologies pour contourner la censure<br \/>\n\u2014 D\u00e9veloppement de projets communs avec les m\u00e9dias<br \/>\n\u2014 Production d&#8217;illustrations, de guides et de documentation<br \/>\n\u2013 D\u00e9fense de la libert\u00e9 de l&#8217;internet<\/p>\n\r\n\t\t\t\t<\/div><\/div><div class=\"knd-block-info__col\">\r\n\t\t\t\t<div class=\"knd-block-info__content\">\r\n\t\t\t\t\t<h3>Outils pour contourner la censure<\/h3>\r\n\t\t\t\t\t<p>\u2014 D\u00e9velopper une nouvelle g\u00e9n\u00e9ration d&#8217;outils<br \/>\n\u2014 Lutter la d\u00e9sinformation<br \/>\n\u2014 Lutter contre l&#8217;exclusion<br \/>\n\u2014 Nouveaux paradigmes pour les campagnes publiques<\/p>\n\r\n\t\t\t\t<\/div><\/div><\/div>\r\n\t\t<\/div>\r\n\t<\/div>\n\n\n<div class=\"wp-block-columns is-layout-flex wp-container-15\">\n<div class=\"wp-block-column is-layout-flow\"><\/div>\n<\/div>\n\n\n<div class=\"knd-block knd-block-cta alignfull\" style=\"\">\r\n\t\t<div class=\"knd-container\">\r\n\t\t\t<div class=\"knd-block-cta__inner\">\r\n\t\t\t\t<div class=\"knd-block-cta__figure\"><img width=\"800\" height=\"762\" src=\"https:\/\/internetborders.net\/france\/wp-content\/uploads\/sites\/2\/2022\/10\/people_new.png\" class=\"attachment-large size-large\" alt=\"\" decoding=\"async\" loading=\"lazy\" srcset=\"https:\/\/internetborders.net\/france\/wp-content\/uploads\/sites\/2\/2022\/10\/people_new.png 1000w, https:\/\/internetborders.net\/france\/wp-content\/uploads\/sites\/2\/2022\/10\/people_new-300x286.png 300w, https:\/\/internetborders.net\/france\/wp-content\/uploads\/sites\/2\/2022\/10\/people_new-150x143.png 150w, https:\/\/internetborders.net\/france\/wp-content\/uploads\/sites\/2\/2022\/10\/people_new-768x732.png 768w\" sizes=\"(max-width: 800px) 100vw, 800px\" \/><\/div>\r\n\t\t\t\t<div class=\"knd-block-cta__content\">\r\n\t\t\t\t\t\r\n\t\t\t\t\t<h2 class=\"knd-block-cta__text\">Nouveaux paradigmes pour les campagnes publiques<\/h2>\r\n\t\t\t\t\t<div class=\"knd-block-cta__action\">\r\n\t\t\t\t<a  class=\"knd-button knd-button-lg\" role=\"button\" href=\"https:\/\/internetborders.net\/france\/fr\/inscription\">S\u2019INSCRIRE<\/a>\r\n\t\t<\/div>\r\n\t\t\t\t<\/div>\r\n\t\t\t<\/div>\r\n\t\t<\/div>\r\n\t<\/div>\n\n<div class=\"knd-block wp-block-knd-partners alignfull knd-block-col-5\" style=\"\"><div class=\"knd-container\"><div class=\"section-heading\"><h2 class=\"section-title\">Organisateurs et partenaires de la conf\u00e9rence<\/h2><\/div><div class=\"knd-block-items\"><div class=\"knd-block-item\"><a href=\"https:\/\/te-st.ru\/\" class=\"partner-link\" target=\"_blank\"><img width=\"442\" height=\"172\" src=\"https:\/\/internetborders.net\/france\/wp-content\/uploads\/sites\/2\/2022\/04\/teplitsa-1.png\" class=\"attachment-medium_large size-medium_large wp-post-image\" alt=\"\u0422\u0435\u043f\u043b\u0438\u0446\u0430 \u0441\u043e\u0446\u0438\u0430\u043b\u044c\u043d\u044b\u0445 \u0442\u0435\u0445\u043d\u043e\u043b\u043e\u0433\u0438\u0439\" decoding=\"async\" loading=\"lazy\" srcset=\"https:\/\/internetborders.net\/france\/wp-content\/uploads\/sites\/2\/2022\/04\/teplitsa-1.png 442w, https:\/\/internetborders.net\/france\/wp-content\/uploads\/sites\/2\/2022\/04\/teplitsa-1-300x117.png 300w\" sizes=\"(max-width: 442px) 100vw, 442px\" \/><\/a><\/div><div class=\"knd-block-item\"><a href=\"https:\/\/ozi-ru.org\/\" class=\"partner-link\" target=\"_blank\"><img width=\"442\" height=\"172\" src=\"https:\/\/internetborders.net\/france\/wp-content\/uploads\/sites\/2\/2022\/04\/ozi-logo.png\" class=\"attachment-medium_large size-medium_large wp-post-image\" alt=\"\u041e\u0431\u0449\u0435\u0441\u0442\u0432\u043e \u0437\u0430\u0449\u0438\u0442\u044b \u0438\u043d\u0442\u0435\u0440\u043d\u0435\u0442\u0430\" decoding=\"async\" loading=\"lazy\" srcset=\"https:\/\/internetborders.net\/france\/wp-content\/uploads\/sites\/2\/2022\/04\/ozi-logo.png 442w, https:\/\/internetborders.net\/france\/wp-content\/uploads\/sites\/2\/2022\/04\/ozi-logo-300x117.png 300w, https:\/\/internetborders.net\/france\/wp-content\/uploads\/sites\/2\/2022\/04\/ozi-logo-150x58.png 150w\" sizes=\"(max-width: 442px) 100vw, 442px\" \/><\/a><\/div><div class=\"knd-block-item\"><a href=\"https:\/\/equalit.ie\" class=\"partner-link\" target=\"_blank\"><img width=\"768\" height=\"172\" src=\"https:\/\/internetborders.net\/france\/wp-content\/uploads\/sites\/2\/2022\/05\/eQualitie_Logo_RGB-768x172.png\" class=\"attachment-medium_large size-medium_large wp-post-image\" alt=\"eQualitie\" decoding=\"async\" loading=\"lazy\" srcset=\"https:\/\/internetborders.net\/france\/wp-content\/uploads\/sites\/2\/2022\/05\/eQualitie_Logo_RGB-768x172.png 768w, https:\/\/internetborders.net\/france\/wp-content\/uploads\/sites\/2\/2022\/05\/eQualitie_Logo_RGB-300x67.png 300w, https:\/\/internetborders.net\/france\/wp-content\/uploads\/sites\/2\/2022\/05\/eQualitie_Logo_RGB.png 842w\" sizes=\"(max-width: 768px) 100vw, 768px\" \/><\/a><\/div><div class=\"knd-block-item\"><a href=\"https:\/\/www.resistic.fr\/\" class=\"partner-link\" target=\"_blank\"><img width=\"442\" height=\"172\" src=\"https:\/\/internetborders.net\/france\/wp-content\/uploads\/sites\/2\/2022\/10\/resistic.png\" class=\"attachment-medium_large size-medium_large wp-post-image\" alt=\"Resistic\" decoding=\"async\" loading=\"lazy\" srcset=\"https:\/\/internetborders.net\/france\/wp-content\/uploads\/sites\/2\/2022\/10\/resistic.png 442w, https:\/\/internetborders.net\/france\/wp-content\/uploads\/sites\/2\/2022\/10\/resistic-300x117.png 300w, https:\/\/internetborders.net\/france\/wp-content\/uploads\/sites\/2\/2022\/10\/resistic-150x58.png 150w\" sizes=\"(max-width: 442px) 100vw, 442px\" \/><\/a><\/div><\/div> <\/div><\/div>\n\n<div class=\"knd-block wp-block-knd-partners alignfull knd-block-col-4\" style=\"\"><div class=\"knd-container\"><div class=\"section-heading\"><h2 class=\"section-title\">Avec le soutien de<\/h2><\/div><div class=\"knd-block-items\"><div class=\"knd-block-item\"><a href=\"https:\/\/ooni.org\/\" class=\"partner-link\" target=\"_blank\"><img width=\"442\" height=\"172\" src=\"https:\/\/internetborders.net\/france\/wp-content\/uploads\/sites\/2\/2022\/04\/ooni.png\" class=\"attachment-medium_large size-medium_large wp-post-image\" alt=\"OONI\" decoding=\"async\" loading=\"lazy\" srcset=\"https:\/\/internetborders.net\/france\/wp-content\/uploads\/sites\/2\/2022\/04\/ooni.png 442w, https:\/\/internetborders.net\/france\/wp-content\/uploads\/sites\/2\/2022\/04\/ooni-300x117.png 300w\" sizes=\"(max-width: 442px) 100vw, 442px\" \/><\/a><\/div><div class=\"knd-block-item\"><a href=\"https:\/\/getlantern.org\/ru_RU\/index.html\" class=\"partner-link\" target=\"_blank\"><img width=\"442\" height=\"172\" src=\"https:\/\/internetborders.net\/france\/wp-content\/uploads\/sites\/2\/2022\/04\/lantern.png\" class=\"attachment-medium_large size-medium_large wp-post-image\" alt=\"Lantern\" decoding=\"async\" loading=\"lazy\" srcset=\"https:\/\/internetborders.net\/france\/wp-content\/uploads\/sites\/2\/2022\/04\/lantern.png 442w, https:\/\/internetborders.net\/france\/wp-content\/uploads\/sites\/2\/2022\/04\/lantern-300x117.png 300w\" sizes=\"(max-width: 442px) 100vw, 442px\" \/><\/a><\/div><div class=\"knd-block-item\"><a href=\"https:\/\/censorship.no\/en\/index.html\" class=\"partner-link\" target=\"_blank\"><img width=\"442\" height=\"172\" src=\"https:\/\/internetborders.net\/france\/wp-content\/uploads\/sites\/2\/2022\/04\/ceno.png\" class=\"attachment-medium_large size-medium_large wp-post-image\" alt=\"Ceno\" decoding=\"async\" loading=\"lazy\" srcset=\"https:\/\/internetborders.net\/france\/wp-content\/uploads\/sites\/2\/2022\/04\/ceno.png 442w, https:\/\/internetborders.net\/france\/wp-content\/uploads\/sites\/2\/2022\/04\/ceno-300x117.png 300w\" sizes=\"(max-width: 442px) 100vw, 442px\" \/><\/a><\/div><div class=\"knd-block-item\"><a href=\"https:\/\/www.accessnow.org\/\" class=\"partner-link\" target=\"_blank\"><img width=\"442\" height=\"172\" src=\"https:\/\/internetborders.net\/france\/wp-content\/uploads\/sites\/2\/2022\/04\/access-1.png\" class=\"attachment-medium_large size-medium_large wp-post-image\" alt=\"Access Now\" decoding=\"async\" loading=\"lazy\" srcset=\"https:\/\/internetborders.net\/france\/wp-content\/uploads\/sites\/2\/2022\/04\/access-1.png 442w, https:\/\/internetborders.net\/france\/wp-content\/uploads\/sites\/2\/2022\/04\/access-1-300x117.png 300w\" sizes=\"(max-width: 442px) 100vw, 442px\" \/><\/a><\/div><div class=\"knd-block-item\"><a href=\"https:\/\/newnode.com\/\" class=\"partner-link\" target=\"_blank\"><img width=\"442\" height=\"172\" src=\"https:\/\/internetborders.net\/france\/wp-content\/uploads\/sites\/2\/2022\/05\/newnote.png\" class=\"attachment-medium_large size-medium_large wp-post-image\" alt=\"New Node\" decoding=\"async\" loading=\"lazy\" srcset=\"https:\/\/internetborders.net\/france\/wp-content\/uploads\/sites\/2\/2022\/05\/newnote.png 442w, https:\/\/internetborders.net\/france\/wp-content\/uploads\/sites\/2\/2022\/05\/newnote-300x117.png 300w, https:\/\/internetborders.net\/france\/wp-content\/uploads\/sites\/2\/2022\/05\/newnote-150x58.png 150w\" sizes=\"(max-width: 442px) 100vw, 442px\" \/><\/a><\/div><div class=\"knd-block-item\"><a href=\"https:\/\/ru.amnezia.org\" class=\"partner-link\" target=\"_blank\"><img width=\"442\" height=\"172\" src=\"https:\/\/internetborders.net\/france\/wp-content\/uploads\/sites\/2\/2022\/10\/amnezia.png\" class=\"attachment-medium_large size-medium_large wp-post-image\" alt=\"AmneziaVPN\" decoding=\"async\" loading=\"lazy\" srcset=\"https:\/\/internetborders.net\/france\/wp-content\/uploads\/sites\/2\/2022\/10\/amnezia.png 442w, https:\/\/internetborders.net\/france\/wp-content\/uploads\/sites\/2\/2022\/10\/amnezia-300x117.png 300w, https:\/\/internetborders.net\/france\/wp-content\/uploads\/sites\/2\/2022\/10\/amnezia-150x58.png 150w\" sizes=\"(max-width: 442px) 100vw, 442px\" \/><\/a><\/div><\/div> <\/div><\/div>","protected":false},"excerpt":{"rendered":"<p>Pourquoi est-il important de s&#8217;impliquer maintenant ? La connectivit\u00e9 de la Russie et des territoires temporairement occup\u00e9s de l&#8217;Ukraine avec le monde ext\u00e9rieur est fortement r\u00e9duite. L&#8217;acc\u00e8s aux services et&hellip;&nbsp;<a href=\"https:\/\/internetborders.net\/france\/fr\/\"><span class=\"meta-nav\">\u0415\u0449\u0435&nbsp;&raquo;<\/span><\/a><\/p>\n","protected":false},"author":13,"featured_media":0,"parent":0,"menu_order":0,"comment_status":"closed","ping_status":"closed","template":"","meta":{"_knd_is_page_title":true},"yoast_head":"<!-- This site is optimized with the Yoast SEO plugin v20.6 - https:\/\/yoast.com\/wordpress\/plugins\/seo\/ -->\n<title>INTERNET SANS FRONTI\u00c8RES - \u0418\u043d\u0442\u0435\u0440\u043d\u0435\u0442 \u0431\u0435\u0437 \u0433\u0440\u0430\u043d\u0438\u0446, \u041f\u0430\u0440\u0438\u0436<\/title>\n<meta name=\"robots\" content=\"index, follow, max-snippet:-1, max-image-preview:large, max-video-preview:-1\" \/>\n<link rel=\"canonical\" href=\"https:\/\/internetborders.net\/france\/fr\/\" \/>\n<meta property=\"og:locale\" content=\"ru_RU\" \/>\n<meta property=\"og:type\" content=\"article\" \/>\n<meta property=\"og:title\" content=\"INTERNET SANS FRONTI\u00c8RES - \u0418\u043d\u0442\u0435\u0440\u043d\u0435\u0442 \u0431\u0435\u0437 \u0433\u0440\u0430\u043d\u0438\u0446, \u041f\u0430\u0440\u0438\u0436\" \/>\n<meta property=\"og:description\" content=\"Pourquoi est-il important de s&#8217;impliquer maintenant ? La connectivit\u00e9 de la Russie et des territoires temporairement occup\u00e9s de l&#8217;Ukraine avec le monde ext\u00e9rieur est fortement r\u00e9duite. L&#8217;acc\u00e8s aux services et&hellip;&nbsp;\u0415\u0449\u0435&nbsp;&raquo;\" \/>\n<meta property=\"og:url\" content=\"https:\/\/internetborders.net\/france\/fr\/\" \/>\n<meta property=\"og:site_name\" content=\"\u0418\u043d\u0442\u0435\u0440\u043d\u0435\u0442 \u0431\u0435\u0437 \u0433\u0440\u0430\u043d\u0438\u0446, \u041f\u0430\u0440\u0438\u0436\" \/>\n<meta property=\"article:modified_time\" content=\"2022-11-16T12:23:38+00:00\" \/>\n<meta name=\"twitter:card\" content=\"summary_large_image\" \/>\n<meta name=\"twitter:label1\" content=\"\u041f\u0440\u0438\u043c\u0435\u0440\u043d\u043e\u0435 \u0432\u0440\u0435\u043c\u044f \u0434\u043b\u044f \u0447\u0442\u0435\u043d\u0438\u044f\" \/>\n\t<meta name=\"twitter:data1\" content=\"1 \u043c\u0438\u043d\u0443\u0442\u0430\" \/>\n<script type=\"application\/ld+json\" class=\"yoast-schema-graph\">{\"@context\":\"https:\/\/schema.org\",\"@graph\":[{\"@type\":\"WebPage\",\"@id\":\"https:\/\/internetborders.net\/france\/fr\/\",\"url\":\"https:\/\/internetborders.net\/france\/fr\/\",\"name\":\"INTERNET SANS FRONTI\u00c8RES - \u0418\u043d\u0442\u0435\u0440\u043d\u0435\u0442 \u0431\u0435\u0437 \u0433\u0440\u0430\u043d\u0438\u0446, \u041f\u0430\u0440\u0438\u0436\",\"isPartOf\":{\"@id\":\"https:\/\/internetborders.net\/france\/#website\"},\"datePublished\":\"2022-11-04T09:40:05+00:00\",\"dateModified\":\"2022-11-16T12:23:38+00:00\",\"breadcrumb\":{\"@id\":\"https:\/\/internetborders.net\/france\/fr\/#breadcrumb\"},\"inLanguage\":\"ru-RU\",\"potentialAction\":[{\"@type\":\"ReadAction\",\"target\":[\"https:\/\/internetborders.net\/france\/fr\/\"]}]},{\"@type\":\"BreadcrumbList\",\"@id\":\"https:\/\/internetborders.net\/france\/fr\/#breadcrumb\",\"itemListElement\":[{\"@type\":\"ListItem\",\"position\":1,\"name\":\"\u0413\u043b\u0430\u0432\u043d\u0430\u044f\",\"item\":\"https:\/\/internetborders.net\/france\/\"},{\"@type\":\"ListItem\",\"position\":2,\"name\":\"INTERNET SANS FRONTI\u00c8RES\"}]},{\"@type\":\"WebSite\",\"@id\":\"https:\/\/internetborders.net\/france\/#website\",\"url\":\"https:\/\/internetborders.net\/france\/\",\"name\":\"\u0418\u043d\u0442\u0435\u0440\u043d\u0435\u0442 \u0431\u0435\u0437 \u0433\u0440\u0430\u043d\u0438\u0446, \u041f\u0430\u0440\u0438\u0436\",\"description\":\"\u0421\u0435\u0440\u0438\u044f \u043a\u043e\u043d\u0444\u0435\u0440\u0435\u043d\u0446\u0438\u0439 \u0437\u0430 \u0438\u043d\u0442\u0435\u0440\u043d\u0435\u0442 \u0431\u0435\u0437 \u0446\u0435\u043d\u0437\u0443\u0440\u044b\",\"publisher\":{\"@id\":\"https:\/\/internetborders.net\/france\/#organization\"},\"potentialAction\":[{\"@type\":\"SearchAction\",\"target\":{\"@type\":\"EntryPoint\",\"urlTemplate\":\"https:\/\/internetborders.net\/france\/?s={search_term_string}\"},\"query-input\":\"required name=search_term_string\"}],\"inLanguage\":\"ru-RU\"},{\"@type\":\"Organization\",\"@id\":\"https:\/\/internetborders.net\/france\/#organization\",\"name\":\"\u0418\u043d\u0442\u0435\u0440\u043d\u0435\u0442 \u0431\u0435\u0437 \u0433\u0440\u0430\u043d\u0438\u0446, \u041f\u0430\u0440\u0438\u0436\",\"url\":\"https:\/\/internetborders.net\/france\/\",\"logo\":{\"@type\":\"ImageObject\",\"inLanguage\":\"ru-RU\",\"@id\":\"https:\/\/internetborders.net\/france\/#\/schema\/logo\/image\/\",\"url\":\"https:\/\/internetborders.net\/france\/wp-content\/uploads\/sites\/2\/2022\/11\/cropped-avatar_120x120px.png\",\"contentUrl\":\"https:\/\/internetborders.net\/france\/wp-content\/uploads\/sites\/2\/2022\/11\/cropped-avatar_120x120px.png\",\"width\":122,\"height\":122,\"caption\":\"\u0418\u043d\u0442\u0435\u0440\u043d\u0435\u0442 \u0431\u0435\u0437 \u0433\u0440\u0430\u043d\u0438\u0446, \u041f\u0430\u0440\u0438\u0436\"},\"image\":{\"@id\":\"https:\/\/internetborders.net\/france\/#\/schema\/logo\/image\/\"}}]}<\/script>\n<!-- \/ Yoast SEO plugin. -->","yoast_head_json":{"title":"INTERNET SANS FRONTI\u00c8RES - \u0418\u043d\u0442\u0435\u0440\u043d\u0435\u0442 \u0431\u0435\u0437 \u0433\u0440\u0430\u043d\u0438\u0446, \u041f\u0430\u0440\u0438\u0436","robots":{"index":"index","follow":"follow","max-snippet":"max-snippet:-1","max-image-preview":"max-image-preview:large","max-video-preview":"max-video-preview:-1"},"canonical":"https:\/\/internetborders.net\/france\/fr\/","og_locale":"ru_RU","og_type":"article","og_title":"INTERNET SANS FRONTI\u00c8RES - \u0418\u043d\u0442\u0435\u0440\u043d\u0435\u0442 \u0431\u0435\u0437 \u0433\u0440\u0430\u043d\u0438\u0446, \u041f\u0430\u0440\u0438\u0436","og_description":"Pourquoi est-il important de s&#8217;impliquer maintenant ? La connectivit\u00e9 de la Russie et des territoires temporairement occup\u00e9s de l&#8217;Ukraine avec le monde ext\u00e9rieur est fortement r\u00e9duite. L&#8217;acc\u00e8s aux services et&hellip;&nbsp;\u0415\u0449\u0435&nbsp;&raquo;","og_url":"https:\/\/internetborders.net\/france\/fr\/","og_site_name":"\u0418\u043d\u0442\u0435\u0440\u043d\u0435\u0442 \u0431\u0435\u0437 \u0433\u0440\u0430\u043d\u0438\u0446, \u041f\u0430\u0440\u0438\u0436","article_modified_time":"2022-11-16T12:23:38+00:00","twitter_card":"summary_large_image","twitter_misc":{"\u041f\u0440\u0438\u043c\u0435\u0440\u043d\u043e\u0435 \u0432\u0440\u0435\u043c\u044f \u0434\u043b\u044f \u0447\u0442\u0435\u043d\u0438\u044f":"1 \u043c\u0438\u043d\u0443\u0442\u0430"},"schema":{"@context":"https:\/\/schema.org","@graph":[{"@type":"WebPage","@id":"https:\/\/internetborders.net\/france\/fr\/","url":"https:\/\/internetborders.net\/france\/fr\/","name":"INTERNET SANS FRONTI\u00c8RES - \u0418\u043d\u0442\u0435\u0440\u043d\u0435\u0442 \u0431\u0435\u0437 \u0433\u0440\u0430\u043d\u0438\u0446, \u041f\u0430\u0440\u0438\u0436","isPartOf":{"@id":"https:\/\/internetborders.net\/france\/#website"},"datePublished":"2022-11-04T09:40:05+00:00","dateModified":"2022-11-16T12:23:38+00:00","breadcrumb":{"@id":"https:\/\/internetborders.net\/france\/fr\/#breadcrumb"},"inLanguage":"ru-RU","potentialAction":[{"@type":"ReadAction","target":["https:\/\/internetborders.net\/france\/fr\/"]}]},{"@type":"BreadcrumbList","@id":"https:\/\/internetborders.net\/france\/fr\/#breadcrumb","itemListElement":[{"@type":"ListItem","position":1,"name":"\u0413\u043b\u0430\u0432\u043d\u0430\u044f","item":"https:\/\/internetborders.net\/france\/"},{"@type":"ListItem","position":2,"name":"INTERNET SANS FRONTI\u00c8RES"}]},{"@type":"WebSite","@id":"https:\/\/internetborders.net\/france\/#website","url":"https:\/\/internetborders.net\/france\/","name":"\u0418\u043d\u0442\u0435\u0440\u043d\u0435\u0442 \u0431\u0435\u0437 \u0433\u0440\u0430\u043d\u0438\u0446, \u041f\u0430\u0440\u0438\u0436","description":"\u0421\u0435\u0440\u0438\u044f \u043a\u043e\u043d\u0444\u0435\u0440\u0435\u043d\u0446\u0438\u0439 \u0437\u0430 \u0438\u043d\u0442\u0435\u0440\u043d\u0435\u0442 \u0431\u0435\u0437 \u0446\u0435\u043d\u0437\u0443\u0440\u044b","publisher":{"@id":"https:\/\/internetborders.net\/france\/#organization"},"potentialAction":[{"@type":"SearchAction","target":{"@type":"EntryPoint","urlTemplate":"https:\/\/internetborders.net\/france\/?s={search_term_string}"},"query-input":"required name=search_term_string"}],"inLanguage":"ru-RU"},{"@type":"Organization","@id":"https:\/\/internetborders.net\/france\/#organization","name":"\u0418\u043d\u0442\u0435\u0440\u043d\u0435\u0442 \u0431\u0435\u0437 \u0433\u0440\u0430\u043d\u0438\u0446, \u041f\u0430\u0440\u0438\u0436","url":"https:\/\/internetborders.net\/france\/","logo":{"@type":"ImageObject","inLanguage":"ru-RU","@id":"https:\/\/internetborders.net\/france\/#\/schema\/logo\/image\/","url":"https:\/\/internetborders.net\/france\/wp-content\/uploads\/sites\/2\/2022\/11\/cropped-avatar_120x120px.png","contentUrl":"https:\/\/internetborders.net\/france\/wp-content\/uploads\/sites\/2\/2022\/11\/cropped-avatar_120x120px.png","width":122,"height":122,"caption":"\u0418\u043d\u0442\u0435\u0440\u043d\u0435\u0442 \u0431\u0435\u0437 \u0433\u0440\u0430\u043d\u0438\u0446, \u041f\u0430\u0440\u0438\u0436"},"image":{"@id":"https:\/\/internetborders.net\/france\/#\/schema\/logo\/image\/"}}]}},"_links":{"self":[{"href":"https:\/\/internetborders.net\/france\/wp-json\/wp\/v2\/pages\/2996"}],"collection":[{"href":"https:\/\/internetborders.net\/france\/wp-json\/wp\/v2\/pages"}],"about":[{"href":"https:\/\/internetborders.net\/france\/wp-json\/wp\/v2\/types\/page"}],"author":[{"embeddable":true,"href":"https:\/\/internetborders.net\/france\/wp-json\/wp\/v2\/users\/13"}],"replies":[{"embeddable":true,"href":"https:\/\/internetborders.net\/france\/wp-json\/wp\/v2\/comments?post=2996"}],"version-history":[{"count":9,"href":"https:\/\/internetborders.net\/france\/wp-json\/wp\/v2\/pages\/2996\/revisions"}],"predecessor-version":[{"id":3219,"href":"https:\/\/internetborders.net\/france\/wp-json\/wp\/v2\/pages\/2996\/revisions\/3219"}],"wp:attachment":[{"href":"https:\/\/internetborders.net\/france\/wp-json\/wp\/v2\/media?parent=2996"}],"curies":[{"name":"wp","href":"https:\/\/api.w.org\/{rel}","templated":true}]}}