{"id":2750,"date":"2022-10-27T12:46:05","date_gmt":"2022-10-27T09:46:05","guid":{"rendered":"https:\/\/internetborders.net\/france\/?page_id=2750"},"modified":"2022-11-17T21:17:21","modified_gmt":"2022-11-17T18:17:21","slug":"programme-fr","status":"publish","type":"page","link":"https:\/\/internetborders.net\/france\/fr\/programme-fr\/","title":{"rendered":"Internet Sans Fronti\u00e8res \u2013 programme\u00a0"},"content":{"rendered":"\n<p><strong>18 et 19 novembre, 2022<\/strong><\/p>\n\n\n\n<p><a href=\"https:\/\/www.lesample.fr\/reservez\" target=\"_blank\" rel=\"noreferrer noopener\">Le Sample<\/a>, 18 avenue de la R\u00e9publique, 93170 \u2013 Bagnolet<\/p>\n\n\n\n<p>Langues de la conf\u00e9rence : Russe et Fran\u00e7ais (avec traduction simultan\u00e9e)&nbsp;<\/p>\n\n\n\n<p><a href=\"https:\/\/internetborders.net\/france\/register\">Inscription<\/a> est obligatoire. Pauses caf\u00e9 et d\u00e9jeuner seront propos\u00e9es \u00e0 tous les participants. Un concert est pr\u00e9vu le soir du 18 novembre et l\u2019exposition \u00abDigital Resistance\u00bb aura lieu le 18 et 19 novembre.<\/p>\n\n\n\n<p>La participation \u00e0 Internet Sans Fronti\u00e8res est gratuite. En revanche, nous vous invitons vivement \u00e0 faire des <a href=\"https:\/\/nogalliance.org\/our-task-forces\/keep-ukraine-connected\/\">dons<\/a> \u00e0 l\u2019association Keep Ukraine Connected!<\/p>\n\n\n\n<h2 class=\"wp-block-heading\"><strong>Vendredi 18 Novembre<\/strong><\/h2>\n\n\n\n<h3 class=\"wp-block-heading\"><strong>10:00-10:15 \u2013 Ouverture de la conf\u00e9rence<\/strong><\/h3>\n\n\n\n<p>Pourquoi Internet Sans Fronti\u00e8res ? Mission et valeurs du projet&nbsp;<\/p>\n\n\n\n<ul>\n<li>Dmitri Vitaliev, co-fondateur et directeur d\u2019<a href=\"https:\/\/equalit.ie\/\">eQualitie<\/a>;<\/li>\n\n\n\n<li>Fran\u00e7oise Dauc\u00e9, directrice de <a href=\"https:\/\/cercec.ehess.fr\">CERCEC<\/a> et coordinatrice du projet ANR<a href=\"https:\/\/www.resistic.fr\/\"> ResisTIC<\/a>.&nbsp;<\/li>\n<\/ul>\n\n\n\n<h3 class=\"wp-block-heading\"><strong>10:15-11:30 \u2013 Cloisonnement du RuNet : isolement informationnel en phase terminale<\/strong><\/h3>\n\n\n\n<p>10:15-10:30 \u2013 \u00abLe RuNet se replie : qu\u2019est-ce qu\u2019on sait et qu\u2019est-ce qu\u2019on ne sait pas encore ?\u00bb &#8211; Aleksei Sidorenko, directeur de <a href=\"https:\/\/te-st.ru\">Teplitsa des Technologies Sociales<\/a>;<\/p>\n\n\n\n<p>10:35-10:50 \u2013 \u00abSoci\u00e9t\u00e9 pour la Protection d\u2019Internet : mesurer les libert\u00e9s d\u2019Internet\u00bb &#8211; Mikhail Klimarev, directeur de OZI <a href=\"https:\/\/ozi-ru.org\/\">Soci\u00e9t\u00e9 de Protection du RuNet<\/a>;<\/p>\n\n\n\n<p>10:50-11:05 \u2013 \u00abSanctions contre la Russie et leurs cons\u00e9quences pour les droits&nbsp; et libert\u00e9s num\u00e9riques\u00bb, <a href=\"https:\/\/www.accessnow.org\/\">Access Now<\/a>;<\/p>\n\n\n\n<p>11:05-11:25 \u2013 \u00abD\u00e9centralisation des communications et nouveaux outils de contournement de censure\u00bb &#8211; Dmitri Vitaliev, co-fondateur et directeur d\u2019<a href=\"https:\/\/equalit.ie\/\">eQualitie<\/a>;<\/p>\n\n\n\n<p>11:25-12:00 \u2013 Pause caf\u00e9, viennoiseries<\/p>\n\n\n\n<h3 class=\"wp-block-heading\"><strong>12:00-13:05 \u2013 Journalistes et artistes face \u00e0 la censure : en qu\u00eate de solutions cr\u00e9atives pour les contournements en temps de guerre<\/strong><\/h3>\n\n\n\n<p>12:00-12:15 \u2013 \u00abMigrations num\u00e9riques : pratiques d\u2019auto-d\u00e9fense num\u00e9rique des m\u00e9dia russes et ONGs en exil, avant et apr\u00e8s 24 f\u00e9vrier 2022\u00bb &#8211; Olga Bronnikova, ma\u00eetresse de conf\u00e9rences \u00e0 Universit\u00e9 Grenoble-Alpes, chercheuse \u00e0 <a href=\"https:\/\/www.resistic.fr\/\">ResisTIC<\/a>;<\/p>\n\n\n\n<p>12:15-12:30 \u2013 \u00abM\u00e9dias en temps de guerre hybride : nouvelles plateformes et nouvelles approches\u00bb &#8211; Denis Kataev, journaliste de Dozjd (<a href=\"https:\/\/tvrain.ru\/\">TVRain<\/a>);<\/p>\n\n\n\n<p>12:30-13:05 \u2013 \u00abArtistes face au contr\u00f4le num\u00e9rique : art&amp;science comme outil contre la propagande\u00bb&nbsp; &#8211; Helena Nikonole, <a href=\"https:\/\/nikonole.com\">artiste and curatrice<\/a>;<\/p>\n\n\n\n<p>13:05-14:00 \u2013 d\u00e9jeuner propos\u00e9 \u00e0 tous les participants; m\u00e9diation artistique et visite guid\u00e9e de l\u2019exposition<\/p>\n\n\n\n<h3 class=\"wp-block-heading\"><strong>14:00-15:30 \u2013 \u00abOutils de libert\u00e9 num\u00e9rique : tour d\u2019horizon des projets techniques de contournement de censure\u00bb&nbsp;<\/strong><\/h3>\n\n\n\n<p>14:00-14:15 \u2013 \u00abLe mixnet de Nym: diff\u00e9rence entre l&#8217;anonymat et la r\u00e9sistance \u00e0 la censure\u00bb \u2014 Yana Matrosova, d\u00e9veloppeuse \u00e0 Nym;&nbsp;<\/p>\n\n\n\n<p>14:15-14:30 \u2013 R\u00e9seaux mesh et communication en temps de shutdowns \u2013 Taziden, fondateur de l\u2019Association des Fournisseurs d\u2019Acc\u00e8s Internet Associatifs;<\/p>\n\n\n\n<p>14:30-14:45 \u2013 \u00abQu\u2019est-ce que les donn\u00e9es de trafic Internet peuvent nous dire sur la censure Internet dans le contexte de l\u2019invasion russe de l\u2019Ukraine ?\u00bb &#8211; Arturo Filasto, <a href=\"https:\/\/ooni.io\">OONI<\/a>;<\/p>\n\n\n\n<p>14:45-15:00 \u2013 \u00abPartage le web ! Navigateur CENO et la nouvelle paradigme pour acc\u00e9der \u2013 et partager l\u2019acc\u00e8s \u2013 aux m\u00e9dias bloqu\u00e9s\u00bb \u2013 Dmitri Vitaliev, <a href=\"https:\/\/censorship.no\">CENO<\/a>;<\/p>\n\n\n\n<p>15:00-15:15 \u2013 \u00abPr\u00e9sentation du projet Amnesia VPN\u00bb \u2013 fondateur de <a href=\"https:\/\/en.amnezia.org\/\">Amnezia VPN<\/a><\/p>\n\n\n\n<p>15:15-15:30 \u2013 Pr\u00e9sentation du projet <a href=\"https:\/\/getlantern.com\/en_US\/\">Lantern<\/a>&nbsp;<\/p>\n\n\n\n<p>15:30-15:45 \u2013 pause caf\u00e9 et m\u00e9diation expo<\/p>\n\n\n\n<h3 class=\"wp-block-heading\"><strong>15:45-16:45 \u2013 \u00abPropagande : inside out\u00bb<\/strong><\/h3>\n\n\n\n<p>15:45-16:35 \u2013 \u00abComment fonctionne le langage de propagande ?\u00bb\u2013 Dr Aleksandra Arkhipova, Laboratoire d&#8217;Anthropologie Sociale de l&#8217;EHESS;<\/p>\n\n\n\n<p>16:35-16:45 \u2013 pause caf\u00e9<\/p>\n\n\n\n<p><strong>16:45-17:30 \u2013 Table-ronde<\/strong><\/p>\n\n\n\n<h3 class=\"wp-block-heading\"><strong>17:45-19:00 \u2013 \u00abPropagande et censure sur les territoires temporairement occup\u00e9es d&#8217;Ukaine\u00bb&nbsp;<\/strong><\/h3>\n\n\n\n<p>16:45-17:30 \u2013 \u00abHuman VPN : exp\u00e9rience de coordination de projets anti-guerre en France\u00bb \u2013 Olga Prokopieva, porte-parole de Russie-Libert\u00e9s, RuCi Asile, Feminist Anti War Resistance France; Andrey Jvirblis (<a href=\"https:\/\/declarator.org\/en\/\">Declarator<\/a>\u00a0project), Lev Ponomaryov, Elena Colombo, Sergey Ilupin (RuCi Asile).<\/p>\n\n\n\n<p>17:30-17:45 \u2013 pause caf\u00e9<\/p>\n\n\n\n<p>17:45-18:00 \u2013 \u00abLa guerre de l&#8217;Information de Russie contre l&#8217;Ukraine: exp\u00e9rience des journalistes ukrainiens\u00bb \u2013 Serhiy Zhdanov;<\/p>\n\n\n\n<p>18:00-18:15 \u2013 \u00abPropagande depuis l&#8217;espace: comment l&#8217;entreprise fran\u00e7aise&nbsp; Eutelsat collabore avec la propagande russe ?\u00bb \u2013 Andr\u00e9 Lange, <a href=\"https:\/\/www.denisdiderot.net\/\">Comit\u00e9 Denis Diderot<\/a>;<\/p>\n\n\n\n<p>18:15-19:00 \u2013 \u00abTrafic Internet dans les zones occup\u00e9es d&#8217;Ukraine : connectivit\u00e9 et censure\u00bb \u2013 <a href=\"https:\/\/geode.science\/louis-petiniaud\/\">Louis Petinaud<\/a>;&nbsp;<\/p>\n\n\n\n<p>19:00-19:15 \u2013 Clot\u00fbre de la premi\u00e8re journ\u00e9e<\/p>\n\n\n\n<h3 class=\"wp-block-heading\"><strong>19:15-21:00 \u2013 Cocktail, concert et networking<\/strong><\/h3>\n\n\n\n<p>19:15-20:00 \u2013 Petr Theremin \u2013 concert live (electronics, improv, experimental);<\/p>\n\n\n\n<p>20:00-21:00 \u2013 Cookie Collective (livecoding, audiovisual jam); Ivan Napreenko (industrial techno, live).<\/p>\n\n\n\n<p><em>Programme est susceptible de changer&nbsp;<\/em><\/p>\n\n\n<div class=\"knd-block knd-block-cta alignfull\" style=\"\">\r\n\t\t<div class=\"knd-container\">\r\n\t\t\t<div class=\"knd-block-cta__inner\">\r\n\t\t\t\t<div class=\"knd-block-cta__figure\"><img width=\"800\" height=\"762\" src=\"https:\/\/internetborders.net\/france\/wp-content\/uploads\/sites\/2\/2022\/10\/people_new.png\" class=\"attachment-large size-large\" alt=\"\" decoding=\"async\" loading=\"lazy\" srcset=\"https:\/\/internetborders.net\/france\/wp-content\/uploads\/sites\/2\/2022\/10\/people_new.png 1000w, https:\/\/internetborders.net\/france\/wp-content\/uploads\/sites\/2\/2022\/10\/people_new-300x286.png 300w, https:\/\/internetborders.net\/france\/wp-content\/uploads\/sites\/2\/2022\/10\/people_new-150x143.png 150w, https:\/\/internetborders.net\/france\/wp-content\/uploads\/sites\/2\/2022\/10\/people_new-768x732.png 768w\" sizes=\"(max-width: 800px) 100vw, 800px\" \/><\/div>\r\n\t\t\t\t<div class=\"knd-block-cta__content\">\r\n\t\t\t\t\t\r\n\t\t\t\t\t<h2 class=\"knd-block-cta__text\">Participez \u00e0 la conf\u00e9rence, prenez part aux discussions, partagez votre exp\u00e9rience<\/h2>\r\n\t\t\t\t\t<div class=\"knd-block-cta__action\">\r\n\t\t\t\t<a  class=\"knd-button knd-button-lg\" role=\"button\" href=\"https:\/\/internetborders.net\/france\/register\/\">S&#8217;inscrire<\/a>\r\n\t\t<\/div>\r\n\t\t\t\t<\/div>\r\n\t\t\t<\/div>\r\n\t\t<\/div>\r\n\t<\/div>","protected":false},"excerpt":{"rendered":"<p>18 et 19 novembre, 2022 Le Sample, 18 avenue de la R\u00e9publique, 93170 \u2013 Bagnolet Langues de la conf\u00e9rence : Russe et Fran\u00e7ais (avec traduction simultan\u00e9e)&nbsp; Inscription est obligatoire. Pauses&hellip;&nbsp;<a href=\"https:\/\/internetborders.net\/france\/fr\/programme-fr\/\"><span class=\"meta-nav\">\u0415\u0449\u0435&nbsp;&raquo;<\/span><\/a><\/p>\n","protected":false},"author":122,"featured_media":0,"parent":0,"menu_order":0,"comment_status":"closed","ping_status":"closed","template":"","meta":{"_knd_is_page_title":false},"yoast_head":"<!-- This site is optimized with the Yoast SEO plugin v20.6 - https:\/\/yoast.com\/wordpress\/plugins\/seo\/ -->\n<title>Internet Sans Fronti\u00e8res \u2013 programme\u00a0 - \u0418\u043d\u0442\u0435\u0440\u043d\u0435\u0442 \u0431\u0435\u0437 \u0433\u0440\u0430\u043d\u0438\u0446, \u041f\u0430\u0440\u0438\u0436<\/title>\n<meta name=\"robots\" content=\"index, follow, max-snippet:-1, max-image-preview:large, max-video-preview:-1\" \/>\n<link rel=\"canonical\" href=\"https:\/\/internetborders.net\/france\/fr\/programme-fr\/\" \/>\n<meta property=\"og:locale\" content=\"ru_RU\" \/>\n<meta property=\"og:type\" content=\"article\" \/>\n<meta property=\"og:title\" content=\"Internet Sans Fronti\u00e8res \u2013 programme\u00a0 - \u0418\u043d\u0442\u0435\u0440\u043d\u0435\u0442 \u0431\u0435\u0437 \u0433\u0440\u0430\u043d\u0438\u0446, \u041f\u0430\u0440\u0438\u0436\" \/>\n<meta property=\"og:description\" content=\"18 et 19 novembre, 2022 Le Sample, 18 avenue de la R\u00e9publique, 93170 \u2013 Bagnolet Langues de la conf\u00e9rence : Russe et Fran\u00e7ais (avec traduction simultan\u00e9e)&nbsp; Inscription est obligatoire. Pauses&hellip;&nbsp;\u0415\u0449\u0435&nbsp;&raquo;\" \/>\n<meta property=\"og:url\" content=\"https:\/\/internetborders.net\/france\/fr\/programme-fr\/\" \/>\n<meta property=\"og:site_name\" content=\"\u0418\u043d\u0442\u0435\u0440\u043d\u0435\u0442 \u0431\u0435\u0437 \u0433\u0440\u0430\u043d\u0438\u0446, \u041f\u0430\u0440\u0438\u0436\" \/>\n<meta property=\"article:modified_time\" content=\"2022-11-17T18:17:21+00:00\" \/>\n<meta name=\"twitter:card\" content=\"summary_large_image\" \/>\n<meta name=\"twitter:label1\" content=\"\u041f\u0440\u0438\u043c\u0435\u0440\u043d\u043e\u0435 \u0432\u0440\u0435\u043c\u044f \u0434\u043b\u044f \u0447\u0442\u0435\u043d\u0438\u044f\" \/>\n\t<meta name=\"twitter:data1\" content=\"4 \u043c\u0438\u043d\u0443\u0442\u044b\" \/>\n<script type=\"application\/ld+json\" class=\"yoast-schema-graph\">{\"@context\":\"https:\/\/schema.org\",\"@graph\":[{\"@type\":\"WebPage\",\"@id\":\"https:\/\/internetborders.net\/france\/fr\/programme-fr\/\",\"url\":\"https:\/\/internetborders.net\/france\/fr\/programme-fr\/\",\"name\":\"Internet Sans Fronti\u00e8res \u2013 programme\u00a0 - \u0418\u043d\u0442\u0435\u0440\u043d\u0435\u0442 \u0431\u0435\u0437 \u0433\u0440\u0430\u043d\u0438\u0446, \u041f\u0430\u0440\u0438\u0436\",\"isPartOf\":{\"@id\":\"https:\/\/internetborders.net\/france\/#website\"},\"datePublished\":\"2022-10-27T09:46:05+00:00\",\"dateModified\":\"2022-11-17T18:17:21+00:00\",\"breadcrumb\":{\"@id\":\"https:\/\/internetborders.net\/france\/fr\/programme-fr\/#breadcrumb\"},\"inLanguage\":\"ru-RU\",\"potentialAction\":[{\"@type\":\"ReadAction\",\"target\":[\"https:\/\/internetborders.net\/france\/fr\/programme-fr\/\"]}]},{\"@type\":\"BreadcrumbList\",\"@id\":\"https:\/\/internetborders.net\/france\/fr\/programme-fr\/#breadcrumb\",\"itemListElement\":[{\"@type\":\"ListItem\",\"position\":1,\"name\":\"\u0413\u043b\u0430\u0432\u043d\u0430\u044f\",\"item\":\"https:\/\/internetborders.net\/france\/\"},{\"@type\":\"ListItem\",\"position\":2,\"name\":\"Internet Sans Fronti\u00e8res \u2013 programme\u00a0\"}]},{\"@type\":\"WebSite\",\"@id\":\"https:\/\/internetborders.net\/france\/#website\",\"url\":\"https:\/\/internetborders.net\/france\/\",\"name\":\"\u0418\u043d\u0442\u0435\u0440\u043d\u0435\u0442 \u0431\u0435\u0437 \u0433\u0440\u0430\u043d\u0438\u0446, \u041f\u0430\u0440\u0438\u0436\",\"description\":\"\u0421\u0435\u0440\u0438\u044f \u043a\u043e\u043d\u0444\u0435\u0440\u0435\u043d\u0446\u0438\u0439 \u0437\u0430 \u0438\u043d\u0442\u0435\u0440\u043d\u0435\u0442 \u0431\u0435\u0437 \u0446\u0435\u043d\u0437\u0443\u0440\u044b\",\"publisher\":{\"@id\":\"https:\/\/internetborders.net\/france\/#organization\"},\"potentialAction\":[{\"@type\":\"SearchAction\",\"target\":{\"@type\":\"EntryPoint\",\"urlTemplate\":\"https:\/\/internetborders.net\/france\/?s={search_term_string}\"},\"query-input\":\"required name=search_term_string\"}],\"inLanguage\":\"ru-RU\"},{\"@type\":\"Organization\",\"@id\":\"https:\/\/internetborders.net\/france\/#organization\",\"name\":\"\u0418\u043d\u0442\u0435\u0440\u043d\u0435\u0442 \u0431\u0435\u0437 \u0433\u0440\u0430\u043d\u0438\u0446, \u041f\u0430\u0440\u0438\u0436\",\"url\":\"https:\/\/internetborders.net\/france\/\",\"logo\":{\"@type\":\"ImageObject\",\"inLanguage\":\"ru-RU\",\"@id\":\"https:\/\/internetborders.net\/france\/#\/schema\/logo\/image\/\",\"url\":\"https:\/\/internetborders.net\/france\/wp-content\/uploads\/sites\/2\/2022\/11\/cropped-avatar_120x120px.png\",\"contentUrl\":\"https:\/\/internetborders.net\/france\/wp-content\/uploads\/sites\/2\/2022\/11\/cropped-avatar_120x120px.png\",\"width\":122,\"height\":122,\"caption\":\"\u0418\u043d\u0442\u0435\u0440\u043d\u0435\u0442 \u0431\u0435\u0437 \u0433\u0440\u0430\u043d\u0438\u0446, \u041f\u0430\u0440\u0438\u0436\"},\"image\":{\"@id\":\"https:\/\/internetborders.net\/france\/#\/schema\/logo\/image\/\"}}]}<\/script>\n<!-- \/ Yoast SEO plugin. -->","yoast_head_json":{"title":"Internet Sans Fronti\u00e8res \u2013 programme\u00a0 - \u0418\u043d\u0442\u0435\u0440\u043d\u0435\u0442 \u0431\u0435\u0437 \u0433\u0440\u0430\u043d\u0438\u0446, \u041f\u0430\u0440\u0438\u0436","robots":{"index":"index","follow":"follow","max-snippet":"max-snippet:-1","max-image-preview":"max-image-preview:large","max-video-preview":"max-video-preview:-1"},"canonical":"https:\/\/internetborders.net\/france\/fr\/programme-fr\/","og_locale":"ru_RU","og_type":"article","og_title":"Internet Sans Fronti\u00e8res \u2013 programme\u00a0 - \u0418\u043d\u0442\u0435\u0440\u043d\u0435\u0442 \u0431\u0435\u0437 \u0433\u0440\u0430\u043d\u0438\u0446, \u041f\u0430\u0440\u0438\u0436","og_description":"18 et 19 novembre, 2022 Le Sample, 18 avenue de la R\u00e9publique, 93170 \u2013 Bagnolet Langues de la conf\u00e9rence : Russe et Fran\u00e7ais (avec traduction simultan\u00e9e)&nbsp; Inscription est obligatoire. Pauses&hellip;&nbsp;\u0415\u0449\u0435&nbsp;&raquo;","og_url":"https:\/\/internetborders.net\/france\/fr\/programme-fr\/","og_site_name":"\u0418\u043d\u0442\u0435\u0440\u043d\u0435\u0442 \u0431\u0435\u0437 \u0433\u0440\u0430\u043d\u0438\u0446, \u041f\u0430\u0440\u0438\u0436","article_modified_time":"2022-11-17T18:17:21+00:00","twitter_card":"summary_large_image","twitter_misc":{"\u041f\u0440\u0438\u043c\u0435\u0440\u043d\u043e\u0435 \u0432\u0440\u0435\u043c\u044f \u0434\u043b\u044f \u0447\u0442\u0435\u043d\u0438\u044f":"4 \u043c\u0438\u043d\u0443\u0442\u044b"},"schema":{"@context":"https:\/\/schema.org","@graph":[{"@type":"WebPage","@id":"https:\/\/internetborders.net\/france\/fr\/programme-fr\/","url":"https:\/\/internetborders.net\/france\/fr\/programme-fr\/","name":"Internet Sans Fronti\u00e8res \u2013 programme\u00a0 - \u0418\u043d\u0442\u0435\u0440\u043d\u0435\u0442 \u0431\u0435\u0437 \u0433\u0440\u0430\u043d\u0438\u0446, \u041f\u0430\u0440\u0438\u0436","isPartOf":{"@id":"https:\/\/internetborders.net\/france\/#website"},"datePublished":"2022-10-27T09:46:05+00:00","dateModified":"2022-11-17T18:17:21+00:00","breadcrumb":{"@id":"https:\/\/internetborders.net\/france\/fr\/programme-fr\/#breadcrumb"},"inLanguage":"ru-RU","potentialAction":[{"@type":"ReadAction","target":["https:\/\/internetborders.net\/france\/fr\/programme-fr\/"]}]},{"@type":"BreadcrumbList","@id":"https:\/\/internetborders.net\/france\/fr\/programme-fr\/#breadcrumb","itemListElement":[{"@type":"ListItem","position":1,"name":"\u0413\u043b\u0430\u0432\u043d\u0430\u044f","item":"https:\/\/internetborders.net\/france\/"},{"@type":"ListItem","position":2,"name":"Internet Sans Fronti\u00e8res \u2013 programme\u00a0"}]},{"@type":"WebSite","@id":"https:\/\/internetborders.net\/france\/#website","url":"https:\/\/internetborders.net\/france\/","name":"\u0418\u043d\u0442\u0435\u0440\u043d\u0435\u0442 \u0431\u0435\u0437 \u0433\u0440\u0430\u043d\u0438\u0446, \u041f\u0430\u0440\u0438\u0436","description":"\u0421\u0435\u0440\u0438\u044f \u043a\u043e\u043d\u0444\u0435\u0440\u0435\u043d\u0446\u0438\u0439 \u0437\u0430 \u0438\u043d\u0442\u0435\u0440\u043d\u0435\u0442 \u0431\u0435\u0437 \u0446\u0435\u043d\u0437\u0443\u0440\u044b","publisher":{"@id":"https:\/\/internetborders.net\/france\/#organization"},"potentialAction":[{"@type":"SearchAction","target":{"@type":"EntryPoint","urlTemplate":"https:\/\/internetborders.net\/france\/?s={search_term_string}"},"query-input":"required name=search_term_string"}],"inLanguage":"ru-RU"},{"@type":"Organization","@id":"https:\/\/internetborders.net\/france\/#organization","name":"\u0418\u043d\u0442\u0435\u0440\u043d\u0435\u0442 \u0431\u0435\u0437 \u0433\u0440\u0430\u043d\u0438\u0446, \u041f\u0430\u0440\u0438\u0436","url":"https:\/\/internetborders.net\/france\/","logo":{"@type":"ImageObject","inLanguage":"ru-RU","@id":"https:\/\/internetborders.net\/france\/#\/schema\/logo\/image\/","url":"https:\/\/internetborders.net\/france\/wp-content\/uploads\/sites\/2\/2022\/11\/cropped-avatar_120x120px.png","contentUrl":"https:\/\/internetborders.net\/france\/wp-content\/uploads\/sites\/2\/2022\/11\/cropped-avatar_120x120px.png","width":122,"height":122,"caption":"\u0418\u043d\u0442\u0435\u0440\u043d\u0435\u0442 \u0431\u0435\u0437 \u0433\u0440\u0430\u043d\u0438\u0446, \u041f\u0430\u0440\u0438\u0436"},"image":{"@id":"https:\/\/internetborders.net\/france\/#\/schema\/logo\/image\/"}}]}},"_links":{"self":[{"href":"https:\/\/internetborders.net\/france\/wp-json\/wp\/v2\/pages\/2750"}],"collection":[{"href":"https:\/\/internetborders.net\/france\/wp-json\/wp\/v2\/pages"}],"about":[{"href":"https:\/\/internetborders.net\/france\/wp-json\/wp\/v2\/types\/page"}],"author":[{"embeddable":true,"href":"https:\/\/internetborders.net\/france\/wp-json\/wp\/v2\/users\/122"}],"replies":[{"embeddable":true,"href":"https:\/\/internetborders.net\/france\/wp-json\/wp\/v2\/comments?post=2750"}],"version-history":[{"count":9,"href":"https:\/\/internetborders.net\/france\/wp-json\/wp\/v2\/pages\/2750\/revisions"}],"predecessor-version":[{"id":3250,"href":"https:\/\/internetborders.net\/france\/wp-json\/wp\/v2\/pages\/2750\/revisions\/3250"}],"wp:attachment":[{"href":"https:\/\/internetborders.net\/france\/wp-json\/wp\/v2\/media?parent=2750"}],"curies":[{"name":"wp","href":"https:\/\/api.w.org\/{rel}","templated":true}]}}